{"id":6675,"date":"2021-04-15T17:10:04","date_gmt":"2021-04-15T17:10:04","guid":{"rendered":"https:\/\/nueva.embutidosortiz.com\/frescos-chorizo-barbacoa\/"},"modified":"2021-05-06T10:04:43","modified_gmt":"2021-05-06T10:04:43","slug":"frescos-chorizo-barbacoa","status":"publish","type":"page","link":"https:\/\/nueva.embutidosortiz.com\/fr\/frescos-chorizo-barbacoa\/","title":{"rendered":"Frescos Chorizo Barbacoa"},"content":{"rendered":"<p>[vc_row full_width=\u00a0\u00bbstretch_row_content_no_spaces\u00a0\u00bb bg_type=\u00a0\u00bbbg_color\u00a0\u00bb bg_override=\u00a0\u00bbex-full\u00a0\u00bb bg_color_value=\u00a0\u00bb#faf6ea\u00a0\u00bb css=\u00a0\u00bb.vc_custom_1619989427073{margin-bottom: -8% !important;}\u00a0\u00bb][vc_column width=\u00a0\u00bb1\/5&Prime; offset=\u00a0\u00bbvc_hidden-xs\u00a0\u00bb]<div class=\"ult_row_spacer\"><div class=\"ult-sticky-anchor\"><div class=\"ult-sticky-section ult-sticky \"  data-stick_behaviour= 'stick_with_scroll_row'  data-sticky_position= 'top' data-mobile='no' data-support='no'>[vc_wp_custommenu nav_menu=\u00a0\u00bb77&Prime;]<\/div><div class=\"ult-space\"><\/div><\/div><\/div>[\/vc_column][vc_column width=\u00a0\u00bb4\/5&Prime;][vc_column_text css=\u00a0\u00bb.vc_custom_1619728531479{margin-top: 5% !important;}\u00a0\u00bb]<\/p>\n<div id=\"prodTit\" class=\"noAutoShow entraTextoVideos\">\n<h4 class=\"fuente_8\" style=\"text-align: center;\" data-delayapear=\"0\"><span style=\"font-family: 'Playfair Display'; font-size: 2.5em; font-weight: light;\">CHORIZO BARBACOA<\/span><\/h4>\n<\/div>\n<div id=\"prodSubTit\" class=\"fuente_5 noAutoShow entraTextoVideos\" style=\"text-align: center;\" data-delayapear=\"150\"><span style=\"color: #d25d13; letter-spacing: 0.1em;\">FUENTE DE PROTE\u00cdNAS<\/span><\/div>\n<p>[\/vc_column_text][vc_column_text css=\u00a0\u00bb.vc_custom_1619728548282{margin-right: 20% !important;margin-left: 20% !important;}\u00a0\u00bb]<\/p>\n<div id=\"prodTit\" class=\"noAutoShow entraTextoVideos\"><\/div>\n<div id=\"prodSubTxtList\" class=\"fuente_8 noAutoShow entraTextoVideos\" data-delayapear=\"250\">\n<p style=\"text-align: center; font-family: 'Playfair Display';\">Las prote\u00ednas contribuyen al mantenimiento en condiciones normales de los huesos.<\/p>\n<\/div>\n<p>[\/vc_column_text][vc_single_image image=\u00a0\u00bb6676&Prime; img_size=\u00a0\u00bbfull\u00a0\u00bb alignment=\u00a0\u00bbcenter\u00a0\u00bb][vc_row_inner css=\u00a0\u00bb.vc_custom_1619728321861{margin-right: 5% !important;}\u00a0\u00bb][vc_column_inner width=\u00a0\u00bb1\/3&Prime; css=\u00a0\u00bb.vc_custom_1619989436508{margin-left: 2% !important;}\u00a0\u00bb][vc_column_text]<\/p>\n<div id=\"prodSubTit\" class=\"fuente_5 noAutoShow entraTextoVideos\" style=\"text-align: left;\" data-delayapear=\"150\"><strong><span style=\"color: #d25d13;\">ELABORACI\u00d3N<\/span><\/strong><\/div>\n<hr \/>\n<p>[\/vc_column_text][vc_column_text]<\/p>\n<div id=\"prodTit\" class=\"noAutoShow entraTextoVideos\"><\/div>\n<div id=\"prodSubTxtList\" class=\"fuente_8 noAutoShow entraTextoVideos\" data-delayapear=\"250\">\n<p style=\"text-align: left;\">El Chorizo Barbacoa Ortiz destaca por su carne jugosa aderezada con las mejores especias.<\/p>\n<\/div>\n<p>[\/vc_column_text][vc_column_text]<\/p>\n<div id=\"prodSubTit\" class=\"fuente_5 noAutoShow entraTextoVideos\" style=\"text-align: left;\" data-delayapear=\"150\"><strong><span style=\"color: #d25d13;\">CONSUMO<\/span><\/strong><\/div>\n<hr \/>\n<p>[\/vc_column_text][vc_column_text]<\/p>\n<div id=\"prodTit\" class=\"noAutoShow entraTextoVideos\"><\/div>\n<div id=\"prodSubTxtList\" class=\"fuente_8 noAutoShow entraTextoVideos\" data-delayapear=\"250\">\n<p style=\"text-align: left;\">Lleva en el nombre su destino. El producto id\u00f3neo para compartir entre amigos y hacer de cualquier ocasi\u00f3n una fiesta.<\/p>\n<\/div>\n<p>[\/vc_column_text][\/vc_column_inner][vc_column_inner width=\u00a0\u00bb1\/3&Prime;][vc_column_text css=\u00a0\u00bb.vc_custom_1619728341244{margin-right: 5% !important;margin-left: 5% !important;}\u00a0\u00bb]<\/p>\n<div id=\"prodSubTit\" class=\"fuente_5 noAutoShow entraTextoVideos\" style=\"text-align: center;\" data-delayapear=\"150\"><strong><span style=\"color: #d25d13;\">PRESENTACI\u00d3N<\/span><\/strong><\/div>\n<hr \/>\n<p>[\/vc_column_text][vc_single_image image=\u00a0\u00bb5424&Prime; img_size=\u00a0\u00bbfull\u00a0\u00bb alignment=\u00a0\u00bbcenter\u00a0\u00bb css=\u00a0\u00bb.vc_custom_1618506599393{margin-top: 3% !important;}\u00a0\u00bb][\/vc_column_inner][vc_column_inner width=\u00a0\u00bb1\/3&Prime; css=\u00a0\u00bb.vc_custom_1619989444805{margin-left: 2% !important;}\u00a0\u00bb][vc_column_text]<\/p>\n<div id=\"prodSubTit\" class=\"fuente_5 noAutoShow entraTextoVideos\" style=\"text-align: left;\" data-delayapear=\"150\"><strong><span style=\"color: #d25d13;\">INGREDIENTES<\/span><\/strong><\/div>\n<hr \/>\n<p>[\/vc_column_text][vc_column_text]<\/p>\n<div id=\"prodTit\" class=\"noAutoShow entraTextoVideos\"><\/div>\n<div id=\"prodSubTxtList\" class=\"fuente_8 noAutoShow entraTextoVideos\" data-delayapear=\"250\">\n<p style=\"text-align: left;\">Carne de cerdo, piment\u00f3n, sal, az\u00facar, especias, LACTOSA, prote\u00edna de LECHE, prote\u00edna de SOJA, dextrina, estabilizador (E-450), antioxidante (E-300), conservador (E-250). Tripa natural de cerdo.<\/p>\n<\/div>\n<p>[\/vc_column_text][vc_column_text]<\/p>\n<div id=\"prodTit\" class=\"noAutoShow entraTextoVideos\"><\/div>\n<div id=\"prodSubTit\" class=\"fuente_5 noAutoShow entraTextoVideos\" style=\"text-align: left;\" data-delayapear=\"150\"><strong><span style=\"color: #d25d13;\">INFORMACI\u00d3N NUTRICIONAL<\/span><\/strong><\/div>\n<div class=\"fuente_5 noAutoShow entraTextoVideos\" style=\"text-align: left;\" data-delayapear=\"150\"><strong><span style=\"color: #d25d13;\">(por cada 100 grs.)<\/span><\/strong><\/div>\n<hr \/>\n<p>[\/vc_column_text][vc_column_text]<\/p>\n<table border=\"1px solid #817c7b\" width=\"100%\">\n<tbody>\n<tr>\n<td style=\"text-align: left;\"><span style=\"font-size: 8pt;\"><strong>VALOR<\/strong><\/span><br \/>\n<span style=\"font-size: 8pt;\"><strong>ENERG\u00c9TICO<\/strong><\/span><\/td>\n<td style=\"text-align: right;\"><span style=\"font-size: 8pt;\">1565 kj<\/span><br \/>\n<span style=\"font-size: 8pt;\">379 kcal<\/span><\/td>\n<\/tr>\n<tr>\n<td style=\"text-align: left;\"><span style=\"font-size: 8pt;\"><strong>GRASAS<\/strong><\/span><br \/>\n<span style=\"font-size: 8pt;\">de las cuales Saturadas<\/span><\/td>\n<td style=\"text-align: right;\"><span style=\"font-size: 8pt;\">35 g<\/span><br \/>\n<span style=\"font-size: 8pt;\">15 g<\/span><\/td>\n<\/tr>\n<tr>\n<td style=\"text-align: left;\"><span style=\"font-size: 8pt;\"><strong>HIDRATOS DE CARBONO<\/strong><\/span><br \/>\n<span style=\"font-size: 8pt;\">de los cuales Az\u00facares<\/span><\/td>\n<td style=\"text-align: right;\"><span style=\"font-size: 8pt;\">1,1 g<\/span><br \/>\n<span style=\"font-size: 8pt;\">0,9 g<\/span><\/td>\n<\/tr>\n<tr>\n<td style=\"text-align: left;\"><span style=\"font-size: 8pt;\"><strong>PROTE\u00cdNAS<\/strong><\/span><\/td>\n<td style=\"text-align: right;\"><span style=\"font-size: 8pt;\">14 g<\/span><\/td>\n<\/tr>\n<tr>\n<td style=\"text-align: left;\"><span style=\"font-size: 8pt;\"><strong>SAL<\/strong><\/span><\/td>\n<td style=\"text-align: right;\"><span style=\"font-size: 8pt;\">2,2 g<\/span><\/td>\n<\/tr>\n<\/tbody>\n<\/table>\n<p>[\/vc_column_text][\/vc_column_inner][\/vc_row_inner][\/vc_column][\/vc_row]<\/p>\n","protected":false},"excerpt":{"rendered":"<p>[vc_row full_width=\u00a0\u00bbstretch_row_content_no_spaces\u00a0\u00bb bg_type=\u00a0\u00bbbg_color\u00a0\u00bb bg_override=\u00a0\u00bbex-full\u00a0\u00bb bg_color_value=\u00a0\u00bb#faf6ea\u00a0\u00bb css=\u00a0\u00bb.vc_custom_1619989427073{margin-bottom: -8% !important;}\u00a0\u00bb][vc_column width=\u00a0\u00bb1\/5&Prime; offset=\u00a0\u00bbvc_hidden-xs\u00a0\u00bb][\/vc_column][vc_column width=\u00a0\u00bb4\/5&Prime;][vc_column_text css=\u00a0\u00bb.vc_custom_1619728531479{margin-top: 5% !important;}\u00a0\u00bb] CHORIZO BARBACOA FUENTE DE PROTE\u00cdNAS [\/vc_column_text][vc_column_text css=\u00a0\u00bb.vc_custom_1619728548282{margin-right: 20% !important;margin-left: 20% !important;}\u00a0\u00bb] Las prote\u00ednas contribuyen al mantenimiento en condiciones normales de los huesos. [\/vc_column_text][vc_single_image image=\u00a0\u00bb6676&Prime; img_size=\u00a0\u00bbfull\u00a0\u00bb alignment=\u00a0\u00bbcenter\u00a0\u00bb][vc_row_inner<\/p>\n","protected":false},"author":1,"featured_media":0,"parent":0,"menu_order":0,"comment_status":"closed","ping_status":"closed","template":"","meta":[],"_links":{"self":[{"href":"https:\/\/nueva.embutidosortiz.com\/fr\/wp-json\/wp\/v2\/pages\/6675"}],"collection":[{"href":"https:\/\/nueva.embutidosortiz.com\/fr\/wp-json\/wp\/v2\/pages"}],"about":[{"href":"https:\/\/nueva.embutidosortiz.com\/fr\/wp-json\/wp\/v2\/types\/page"}],"author":[{"embeddable":true,"href":"https:\/\/nueva.embutidosortiz.com\/fr\/wp-json\/wp\/v2\/users\/1"}],"replies":[{"embeddable":true,"href":"https:\/\/nueva.embutidosortiz.com\/fr\/wp-json\/wp\/v2\/comments?post=6675"}],"version-history":[{"count":1,"href":"https:\/\/nueva.embutidosortiz.com\/fr\/wp-json\/wp\/v2\/pages\/6675\/revisions"}],"predecessor-version":[{"id":6681,"href":"https:\/\/nueva.embutidosortiz.com\/fr\/wp-json\/wp\/v2\/pages\/6675\/revisions\/6681"}],"wp:attachment":[{"href":"https:\/\/nueva.embutidosortiz.com\/fr\/wp-json\/wp\/v2\/media?parent=6675"}],"curies":[{"name":"wp","href":"https:\/\/api.w.org\/{rel}","templated":true}]}}