{"id":6451,"date":"2021-04-18T18:25:08","date_gmt":"2021-04-18T18:25:08","guid":{"rendered":"https:\/\/nueva.embutidosortiz.com\/calidad-e-innovacion\/"},"modified":"2021-05-05T05:12:12","modified_gmt":"2021-05-05T05:12:12","slug":"calidad-e-innovacion","status":"publish","type":"page","link":"https:\/\/nueva.embutidosortiz.com\/fr\/calidad-e-innovacion\/","title":{"rendered":"Qualit\u00e9 et innovation"},"content":{"rendered":"<p>[vc_row full_width=\u00a0\u00bbstretch_row_content\u00a0\u00bb full_height=\u00a0\u00bbyes\u00a0\u00bb content_placement=\u00a0\u00bbmiddle\u00a0\u00bb parallax=\u00a0\u00bbcontent-moving\u00a0\u00bb parallax_image=\u00a0\u00bb5618&Prime; content_text_alignment=\u00a0\u00bbcenter\u00a0\u00bb][vc_column][vc_column_text]<\/p>\n<h1 style=\"text-align: center; color: #ffffff;\"><span style=\"font-family: 'Playfair Display'; font-size: 2.5em; font-weight: light;\">CALIDAD E<\/span><br \/>\n<span style=\"font-family: 'Playfair Display'; font-size: 2.5em; font-weight: light;\">INNOVACI\u00d3N<\/span><\/h1>\n<p>[\/vc_column_text][vc_separator color=\u00a0\u00bbwhite\u00a0\u00bb el_width=\u00a0\u00bb10&Prime; css=\u00a0\u00bb.vc_custom_1617808503948{margin-top: -2% !important;}\u00a0\u00bb][vc_column_text]<\/p>\n<h1 style=\"text-align: center; font-size: 1.0em;\"><span style=\"color: #ffffff; font-family: 'Playfair Display';\">Nuevos tiempos, nuevos sabores, nuevo compromiso<\/span><\/h1>\n<p>[\/vc_column_text][\/vc_column][\/vc_row][vc_row full_width=\u00a0\u00bbstretch_row_content_no_spaces\u00a0\u00bb bg_type=\u00a0\u00bbbg_color\u00a0\u00bb bg_color_value=\u00a0\u00bb#faf6ea\u00a0\u00bb][vc_column][vc_column_text]<\/p>\n<p style=\"text-align: center;\">QUALIT\u00c9<\/p>\n<p>[\/vc_column_text][vc_column_text]<\/p>\n<p style=\"text-align: center;\"><span style=\"font-family: 'Playfair Display'; font-size: 2.5em; font-weight: light;\">SAVOIR-FAIRE<\/span><\/p>\n<p>[\/vc_column_text][vc_column_text]<\/p>\n<p style=\"text-align: center;\"><span style=\"color: #557c8b;\">Une qualit\u00e9 qui se vit.<\/span><\/p>\n<p>[\/vc_column_text][vc_row_inner][vc_column_inner width=\u00a0\u00bb1\/6&Prime;][\/vc_column_inner][vc_column_inner width=\u00a0\u00bb2\/3&Prime;][vc_column_text]<\/p>\n<p style=\"text-align: center;\">Aujourd&rsquo;hui, pr\u00e9server la qualit\u00e9 et la s\u00e9curit\u00e9 des aliments est l&rsquo;un de nos principaux engagements et cela n&rsquo;est possible qu&rsquo;en respectant toutes les normes de contr\u00f4le tout au long du processus de production. Il s&rsquo;agit notamment de contr\u00f4ler nos fournisseurs, de garantir le bien-\u00eatre des animaux et de continuer \u00e0 innover afin d&rsquo;obtenir des produits toujours plus sains.<\/p>\n<p>[\/vc_column_text][\/vc_column_inner][vc_column_inner width=\u00a0\u00bb1\/6&Prime;][\/vc_column_inner][\/vc_row_inner][vc_row_inner gap=\u00a0\u00bb30&Prime; css=\u00a0\u00bb.vc_custom_1618771422694{margin-right: 5% !important;margin-left: 5% !important;}\u00a0\u00bb][vc_column_inner width=\u00a0\u00bb1\/4&Prime;][vc_column_text]<\/p>\n<p style=\"text-align: center;\"><span style=\"color: #d25d13; letter-spacing: 0.1em;\"><strong>DE LA FERME AU MAGASIN<br \/>\n<\/strong><\/span><\/p>\n<p>[\/vc_column_text][vc_single_image image=\u00a0\u00bb5622&Prime; img_size=\u00a0\u00bbfull\u00a0\u00bb alignment=\u00a0\u00bbcenter\u00a0\u00bb][vc_column_text]<\/p>\n<p style=\"text-align: center;\">Suivi de l&rsquo;ensemble du processus, de la ferme au magasin, ce qui nous permet de garantir un contr\u00f4le et <span style=\"color: #d25d13;\">une tra\u00e7abilit\u00e9 totaux<\/span>.<\/p>\n<p>[\/vc_column_text][\/vc_column_inner][vc_column_inner width=\u00a0\u00bb1\/4&Prime;][vc_column_text]<\/p>\n<p style=\"text-align: center;\"><span style=\"color: #d25d13; letter-spacing: 0.1em;\"><strong>FORMACI\u00d3N<\/strong><\/span><\/p>\n<p>[\/vc_column_text][vc_single_image image=\u00a0\u00bb5623&Prime; img_size=\u00a0\u00bbfull\u00a0\u00bb alignment=\u00a0\u00bbcenter\u00a0\u00bb][vc_column_text]<\/p>\n<p style=\"text-align: center;\"><span style=\"color: #d25d13;\">Plan de formation continue et de sensibilisation<\/span>. Nous adaptons l&rsquo;offre de formation et son \u00e9volution aux besoins de nos espaces de travail et de notre personnel.<\/p>\n<p>[\/vc_column_text][\/vc_column_inner][vc_column_inner width=\u00a0\u00bb1\/4&Prime;][vc_column_text]<\/p>\n<p style=\"text-align: center;\"><span style=\"color: #d25d13; letter-spacing: 0.1em;\"><strong>TECHNOLOGIE<br \/>\n<\/strong><\/span><\/p>\n<p>[\/vc_column_text][vc_single_image image=\u00a0\u00bb5624&Prime; img_size=\u00a0\u00bbfull\u00a0\u00bb alignment=\u00a0\u00bbcenter\u00a0\u00bb][vc_column_text]<\/p>\n<p style=\"text-align: center;\"><span style=\"color: #d25d13;\">Une technologie de pointe<\/span>. Mise \u00e0 jour et expansion constantes des \u00e9quipements et des installations pour gagner en efficacit\u00e9 et \u00eatre en mesure de r\u00e9pondre \u00e0 la demande des consommateurs.<\/p>\n<p>[\/vc_column_text][\/vc_column_inner][vc_column_inner width=\u00a0\u00bb1\/4&Prime;][vc_column_text]<\/p>\n<p style=\"text-align: center;\"><span style=\"color: #d25d13; letter-spacing: 0.1em;\"><strong>\u00c9QUIPE HUMAINE<br \/>\n<\/strong><\/span><\/p>\n<p>[\/vc_column_text][vc_single_image image=\u00a0\u00bb5625&Prime; img_size=\u00a0\u00bbfull\u00a0\u00bb alignment=\u00a0\u00bbcenter\u00a0\u00bb][vc_column_text]<\/p>\n<p style=\"text-align: center;\">Implication totale de <span style=\"color: #d25d13;\">toute l&rsquo;\u00e9quipe dans la formation continue<\/span> et la sensibilisation. Plan d&rsquo;am\u00e9lioration de la formation dans tous les domaines de travail.<\/p>\n<p>[\/vc_column_text][\/vc_column_inner][\/vc_row_inner][vc_row_inner][vc_column_inner][vc_separator color=\u00a0\u00bbblack\u00a0\u00bb el_width=\u00a0\u00bb90&Prime;][\/vc_column_inner][\/vc_row_inner][vc_row_inner][vc_column_inner width=\u00a0\u00bb1\/4&Prime;][\/vc_column_inner][vc_column_inner width=\u00a0\u00bb1\/4&Prime;][vc_single_image image=\u00a0\u00bb5626&Prime; img_size=\u00a0\u00bbfull\u00a0\u00bb alignment=\u00a0\u00bbcenter\u00a0\u00bb][vc_column_text]<\/p>\n<p style=\"text-align: center;\"><a href=\"https:\/\/nueva.embutidosortiz.com\/wp-content\/uploads\/2021\/04\/certificado-ifs-embutidos-ortiz.pdf\" target=\"_blank\" rel=\"noopener\"><strong>DESCARGAR PDF<\/strong><\/a><\/p>\n<p>[\/vc_column_text][vc_single_image image=\u00a0\u00bb5627&Prime; img_size=\u00a0\u00bbfull\u00a0\u00bb alignment=\u00a0\u00bbcenter\u00a0\u00bb][\/vc_column_inner][vc_column_inner width=\u00a0\u00bb1\/4&Prime;][vc_column_text]Ann\u00e9e apr\u00e8s ann\u00e9e, Embutidos Ortiz obtient les plus hautes qualifications dans les certifications de qualit\u00e9 avec les normes internationales les plus exigeantes, ce qui nous permet de maintenir notre commerce ext\u00e9rieur avec toutes les garanties de qualit\u00e9 et de s\u00e9curit\u00e9 alimentaire.[\/vc_column_text][\/vc_column_inner][vc_column_inner width=\u00a0\u00bb1\/4&Prime;][\/vc_column_inner][\/vc_row_inner][vc_separator color=\u00a0\u00bbblack\u00a0\u00bb el_width=\u00a0\u00bb90&Prime;][\/vc_column][\/vc_row][vc_row full_width=\u00a0\u00bbstretch_row\u00a0\u00bb bg_type=\u00a0\u00bbbg_color\u00a0\u00bb bg_color_value=\u00a0\u00bb#faf6ea\u00a0\u00bb][vc_column width=\u00a0\u00bb1\/3&Prime;][vc_column_text]<\/p>\n<p style=\"text-align: center;\">R + D + i<\/p>\n<p>[\/vc_column_text][vc_column_text]<\/p>\n<p style=\"text-align: center;\"><span style=\"font-family: 'Playfair Display'; font-size: 2.5em; font-weight: light;\">VOULEZ FAIRE<\/span><\/p>\n<p>[\/vc_column_text][vc_column_text]<\/p>\n<p style=\"text-align: center;\"><span style=\"color: #557c8b;\">L&rsquo;avenir de l&rsquo;industrie de la viande et l&rsquo;avenir d&rsquo;une marque familiale comme Embutidos Ortiz d\u00e9pend de la capacit\u00e9 \u00e0 innover.<\/span><\/p>\n<p>[\/vc_column_text][vc_column_text]Mais une innovation qui a toujours le consommateur \u00e0 l&rsquo;esprit, afin de r\u00e9pondre \u00e0 ses attentes. Le consommateur du XXIe si\u00e8cle est \u00e0 la recherche de nouvelles saveurs, de nouvelles pr\u00e9sentations, de nouveaux produits qui \u00e9veillent sa curiosit\u00e9 et r\u00e9pondent \u00e0 son souci de sant\u00e9 et de bien-\u00eatre.[\/vc_column_text][\/vc_column][vc_column width=\u00a0\u00bb2\/3&Prime;][vc_single_image image=\u00a0\u00bb5635&Prime; img_size=\u00a0\u00bbfull\u00a0\u00bb][\/vc_column][\/vc_row][vc_row full_width=\u00a0\u00bbstretch_row\u00a0\u00bb bg_type=\u00a0\u00bbbg_color\u00a0\u00bb bg_color_value=\u00a0\u00bb#faf6ea\u00a0\u00bb css=\u00a0\u00bb.vc_custom_1618773283361{margin-bottom: -3.1% !important;}\u00a0\u00bb][vc_column width=\u00a0\u00bb2\/3&Prime;][vc_single_image image=\u00a0\u00bb5640&Prime; img_size=\u00a0\u00bbfull\u00a0\u00bb][\/vc_column][vc_column width=\u00a0\u00bb1\/3&Prime;][vc_column_text]<\/p>\n<p style=\"text-align: center;\">R + D + i<\/p>\n<p>[\/vc_column_text][vc_column_text]<\/p>\n<p style=\"text-align: center;\"><span style=\"font-family: 'Playfair Display'; font-size: 2.5em; font-weight: light;\">MISSION ET VISION<\/span><\/p>\n<p>[\/vc_column_text][vc_column_text]<\/p>\n<p style=\"text-align: center;\"><span style=\"color: #557c8b;\">Notre d\u00e9partement R+D+i s&rsquo;est toujours efforc\u00e9 de produire des produits aux \u00e9tiquettes plus propres et aux ingr\u00e9dients plus naturels.<br \/>\n<\/span><\/p>\n<p>[\/vc_column_text][vc_column_text]Aujourd&rsquo;hui, il est possible de consommer des saucisses sans gluten, lactose, additifs ou allerg\u00e8nes&#8230; Pour ceux qui recherchent moins de mati\u00e8res grasses avec des prot\u00e9ines v\u00e9g\u00e9tales, nous avons cr\u00e9\u00e9 le Chorizo au Quinoa et pour ceux qui recherchent une saveur plus exotique avec moins de sel, le Chorizo aux algues Kombu.[\/vc_column_text][\/vc_column][\/vc_row]<\/p>\n","protected":false},"excerpt":{"rendered":"<p>[vc_row full_width=\u00a0\u00bbstretch_row_content\u00a0\u00bb full_height=\u00a0\u00bbyes\u00a0\u00bb content_placement=\u00a0\u00bbmiddle\u00a0\u00bb parallax=\u00a0\u00bbcontent-moving\u00a0\u00bb parallax_image=\u00a0\u00bb5618&Prime; content_text_alignment=\u00a0\u00bbcenter\u00a0\u00bb][vc_column][vc_column_text] CALIDAD E INNOVACI\u00d3N [\/vc_column_text][vc_separator color=\u00a0\u00bbwhite\u00a0\u00bb el_width=\u00a0\u00bb10&Prime; css=\u00a0\u00bb.vc_custom_1617808503948{margin-top: -2% !important;}\u00a0\u00bb][vc_column_text] Nuevos tiempos, nuevos sabores, nuevo compromiso [\/vc_column_text][\/vc_column][\/vc_row][vc_row full_width=\u00a0\u00bbstretch_row_content_no_spaces\u00a0\u00bb bg_type=\u00a0\u00bbbg_color\u00a0\u00bb bg_color_value=\u00a0\u00bb#faf6ea\u00a0\u00bb][vc_column][vc_column_text] QUALIT\u00c9 [\/vc_column_text][vc_column_text] SAVOIR-FAIRE [\/vc_column_text][vc_column_text] Une qualit\u00e9 qui se vit. [\/vc_column_text][vc_row_inner][vc_column_inner width=\u00a0\u00bb1\/6&Prime;][\/vc_column_inner][vc_column_inner width=\u00a0\u00bb2\/3&Prime;][vc_column_text] Aujourd&rsquo;hui, pr\u00e9server<\/p>\n","protected":false},"author":1,"featured_media":0,"parent":0,"menu_order":0,"comment_status":"closed","ping_status":"closed","template":"","meta":[],"_links":{"self":[{"href":"https:\/\/nueva.embutidosortiz.com\/fr\/wp-json\/wp\/v2\/pages\/6451"}],"collection":[{"href":"https:\/\/nueva.embutidosortiz.com\/fr\/wp-json\/wp\/v2\/pages"}],"about":[{"href":"https:\/\/nueva.embutidosortiz.com\/fr\/wp-json\/wp\/v2\/types\/page"}],"author":[{"embeddable":true,"href":"https:\/\/nueva.embutidosortiz.com\/fr\/wp-json\/wp\/v2\/users\/1"}],"replies":[{"embeddable":true,"href":"https:\/\/nueva.embutidosortiz.com\/fr\/wp-json\/wp\/v2\/comments?post=6451"}],"version-history":[{"count":3,"href":"https:\/\/nueva.embutidosortiz.com\/fr\/wp-json\/wp\/v2\/pages\/6451\/revisions"}],"predecessor-version":[{"id":6467,"href":"https:\/\/nueva.embutidosortiz.com\/fr\/wp-json\/wp\/v2\/pages\/6451\/revisions\/6467"}],"wp:attachment":[{"href":"https:\/\/nueva.embutidosortiz.com\/fr\/wp-json\/wp\/v2\/media?parent=6451"}],"curies":[{"name":"wp","href":"https:\/\/api.w.org\/{rel}","templated":true}]}}