{"id":6439,"date":"2021-05-05T04:09:21","date_gmt":"2021-05-05T04:09:21","guid":{"rendered":"https:\/\/nueva.embutidosortiz.com\/historia\/"},"modified":"2021-05-05T05:02:09","modified_gmt":"2021-05-05T05:02:09","slug":"historia","status":"publish","type":"page","link":"https:\/\/nueva.embutidosortiz.com\/fr\/historia\/","title":{"rendered":"Histoire"},"content":{"rendered":"<p>[vc_row full_width=\u00a0\u00bbstretch_row_content\u00a0\u00bb full_height=\u00a0\u00bbyes\u00a0\u00bb content_placement=\u00a0\u00bbmiddle\u00a0\u00bb parallax=\u00a0\u00bbcontent-moving\u00a0\u00bb parallax_image=\u00a0\u00bb5575&Prime; content_text_alignment=\u00a0\u00bbcenter\u00a0\u00bb][vc_column][vc_column_text]<\/p>\n<h1 style=\"text-align: center; color: #ffffff;\"><span style=\"font-family: 'Playfair Display'; font-size: 2.5em; font-weight: light;\">LA FAMILIA<\/span><br \/>\n<span style=\"font-family: 'Playfair Display'; font-size: 2.5em; font-weight: light;\">ORTIZ<\/span><\/h1>\n<p>[\/vc_column_text][vc_separator color=\u00a0\u00bbwhite\u00a0\u00bb el_width=\u00a0\u00bb10&Prime; css=\u00a0\u00bb.vc_custom_1617808503948{margin-top: -2% !important;}\u00a0\u00bb][vc_column_text]<\/p>\n<h1 style=\"text-align: center; font-size: 1.0em;\"><span style=\"color: #ffffff; font-family: 'Playfair Display';\">Una historia de dedicaci\u00f3n y<br \/>\nsuperaci\u00f3n de varias generaciones<\/span><\/h1>\n<p>[\/vc_column_text][\/vc_column][\/vc_row][vc_row full_width=\u00a0\u00bbstretch_row_content_no_spaces\u00a0\u00bb bg_type=\u00a0\u00bbbg_color\u00a0\u00bb bg_color_value=\u00a0\u00bb#faf6ea\u00a0\u00bb][vc_column][vc_column_text]<\/p>\n<p style=\"text-align: center; letter-spacing: 0.1.em;\">HISTOIRE<\/p>\n<p>[\/vc_column_text][vc_column_text]<\/p>\n<p style=\"text-align: center;\"><strong><span style=\"font-family: 'Playfair Display'; font-size: 2.5em;\">DEPUIS 1915&#8230;<\/span><\/strong><\/p>\n<p>[\/vc_column_text][vc_row_inner css=\u00a0\u00bb.vc_custom_1618768077609{margin-top: -3% !important;}\u00a0\u00bb][vc_column_inner width=\u00a0\u00bb1\/3&Prime;][\/vc_column_inner][vc_column_inner width=\u00a0\u00bb1\/3&Prime; css=\u00a0\u00bb.vc_custom_1619992231693{margin-right: 1% !important;margin-left: 1% !important;}\u00a0\u00bb][vc_column_text]<\/p>\n<p style=\"text-align: center;\"><span style=\"color: #557c8b;\">Notre famille fabrique des saucisses traditionnelles depuis plus de 100 ans \u00e0 Ba\u00f1os de R\u00edo Tob\u00eda, un petit village ax\u00e9 sur la production artisanale de saucisses chorizo traditionnelles de Rioja.<br \/>\n<\/span><\/p>\n<p>[\/vc_column_text][\/vc_column_inner][vc_column_inner width=\u00a0\u00bb1\/3&Prime;][\/vc_column_inner][\/vc_row_inner][vc_row_inner gap=\u00a0\u00bb35&Prime;][vc_column_inner width=\u00a0\u00bb1\/6&Prime;][\/vc_column_inner][vc_column_inner width=\u00a0\u00bb1\/3&Prime; css=\u00a0\u00bb.vc_custom_1619992345714{margin-right: 3% !important;margin-left: 3% !important;}\u00a0\u00bb][vc_column_text css=\u00a0\u00bb.vc_custom_1620190506343{margin-right: 2% !important;margin-left: 2% !important;}\u00a0\u00bb]Nous sommes \u00e0 La Rioja, une terre connue dans le monde entier pour la qualit\u00e9 de ses vins, mais o\u00f9 de nombreux autres produits de consommation se distinguent \u00e9galement. Surtout les l\u00e9gumes et les saucisses traditionnelles d\u00e9riv\u00e9es du porc, qui font partie de la culture de cette r\u00e9gion.[\/vc_column_text][\/vc_column_inner][vc_column_inner width=\u00a0\u00bb1\/3&Prime; css=\u00a0\u00bb.vc_custom_1619992441206{margin-right: 3% !important;margin-left: 3% !important;}\u00a0\u00bb][vc_column_text css=\u00a0\u00bb.vc_custom_1620190513235{margin-right: 2% !important;margin-left: 2% !important;}\u00a0\u00bb]Depuis Embutidos Ortiz, nous voulons transmettre toute cette culture et toute cette tradition au go\u00fbt de nos produits, dont beaucoup (chorizo, salchich\u00f3n, chistorra) conservent la recette naturelle utilis\u00e9e par notre arri\u00e8re-grand-p\u00e8re Pedro, notre grand-p\u00e8re Faustino et notre p\u00e8re Domingo.[\/vc_column_text][\/vc_column_inner][vc_column_inner width=\u00a0\u00bb1\/6&Prime;][\/vc_column_inner][\/vc_row_inner][vc_single_image image=\u00a0\u00bb5589&Prime; img_size=\u00a0\u00bbfull\u00a0\u00bb alignment=\u00a0\u00bbcenter\u00a0\u00bb][\/vc_column][\/vc_row][vc_row full_width=\u00a0\u00bbstretch_row_content_no_spaces\u00a0\u00bb bg_type=\u00a0\u00bbbg_color\u00a0\u00bb bg_color_value=\u00a0\u00bb#faf6ea\u00a0\u00bb][vc_column][vc_column_text]<\/p>\n<p style=\"text-align: center; letter-spacing: 0.1em;\">HISTOIRE<\/p>\n<p>[\/vc_column_text][vc_column_text]<\/p>\n<p style=\"text-align: center;\"><strong><span style=\"font-family: 'Playfair Display'; font-size: 2.5em;\">&#8230;JUSQU&rsquo;\u00c0 AUJOURD&rsquo;HUI<\/span><\/strong><\/p>\n<p>[\/vc_column_text][vc_row_inner css=\u00a0\u00bb.vc_custom_1618768077609{margin-top: -3% !important;}\u00a0\u00bb][vc_column_inner width=\u00a0\u00bb1\/3&Prime;][\/vc_column_inner][vc_column_inner width=\u00a0\u00bb1\/3&Prime;][vc_column_text]<\/p>\n<p style=\"text-align: center;\"><span style=\"color: #557c8b;\">Notre mission est de continuer avec les m\u00eames valeurs qu&rsquo;ils nous ont transmises : professionnalisme, simplicit\u00e9 et bon travail. <\/span><\/p>\n<p>[\/vc_column_text][\/vc_column_inner][vc_column_inner width=\u00a0\u00bb1\/3&Prime;][\/vc_column_inner][\/vc_row_inner][vc_row_inner gap=\u00a0\u00bb35&Prime;][vc_column_inner width=\u00a0\u00bb1\/4&Prime;][\/vc_column_inner][vc_column_inner width=\u00a0\u00bb1\/2&Prime; css=\u00a0\u00bb.vc_custom_1619992470895{margin-right: 5% !important;margin-left: 5% !important;}\u00a0\u00bb][vc_column_text]<\/p>\n<p style=\"text-align: center;\">Embutidos Ortiz a \u00e9t\u00e9 l&rsquo;une des premi\u00e8res petites entreprises de La Rioja \u00e0 obtenir des permis d&rsquo;exportation de saucisses de Rioja vers des pays tels que le Japon, l&rsquo;Argentine, le Chili, le Br\u00e9sil et la Nouvelle-Z\u00e9lande. Aujourd&rsquo;hui, nous sommes pr\u00e9sents dans plus de 25 pays du monde entier.<\/p>\n<p>[\/vc_column_text][\/vc_column_inner][vc_column_inner width=\u00a0\u00bb1\/4&Prime; css=\u00a0\u00bb.vc_custom_1619992484023{margin-right: 5% !important;margin-left: 5% !important;}\u00a0\u00bb][\/vc_column_inner][\/vc_row_inner][vc_column_text]<\/p>\n<p style=\"text-align: center;\"><span style=\"font-family: 'Playfair Display'; font-size: 1.5em; font-weight: light; color: #d25d13;\">\u00ab\u00a0LA FAMILLE ORTIZ : UN EMBL\u00c8ME DE SAVEUR AVEC LA TRADITION\u00a0\u00bb.<\/span><\/p>\n<p>[\/vc_column_text][\/vc_column][\/vc_row][vc_row full_width=\u00a0\u00bbstretch_row_content_no_spaces\u00a0\u00bb equal_height=\u00a0\u00bbyes\u00a0\u00bb bg_type=\u00a0\u00bbbg_color\u00a0\u00bb bg_color_value=\u00a0\u00bb#f2e6cf\u00a0\u00bb css=\u00a0\u00bb.vc_custom_1619992614537{margin-bottom: -7% !important;}\u00a0\u00bb][vc_column width=\u00a0\u00bb1\/2&Prime; css=\u00a0\u00bb.vc_custom_1618769790003{margin-left: -30% !important;background-image: url(https:\/\/nueva.embutidosortiz.com\/wp-content\/uploads\/2021\/04\/hist3.jpg?id=5595) !important;}\u00a0\u00bb][\/vc_column][vc_column width=\u00a0\u00bb1\/2&Prime;][vc_column_text css=\u00a0\u00bb.vc_custom_1620190648900{padding-left: 5% !important;}\u00a0\u00bb]<\/p>\n<p style=\"text-align: left;\">ENGAGEMENT<\/p>\n<p>[\/vc_column_text][vc_column_text css=\u00a0\u00bb.vc_custom_1620190681300{padding-left: 5% !important;}\u00a0\u00bb]<\/p>\n<p style=\"text-align: left;\"><strong><span style=\"font-family: 'Playfair Display'; font-size: 2.5em;\">INGR\u00c9DIENTS NATURELS<br \/>\n<\/span><\/strong><\/p>\n<p>[\/vc_column_text][vc_column_text css=\u00a0\u00bb.vc_custom_1620190705615{padding-right: 5% !important;padding-left: 5% !important;}\u00a0\u00bb]Chez Embutidos Ortiz, nous utilisons les meilleures mati\u00e8res premi\u00e8res, ce qui permet \u00e0 nos saucisses de se distinguer par leur saveur traditionnelle,<\/p>\n<p>Tous nos produits sont sans gluten. Notre gamme M\u00e1s Natural est exempte d&rsquo;allerg\u00e8nes et nous utilisons \u00e9galement des ingr\u00e9dients naturels dans notre gamme 100% Natural, qui est exempte d&rsquo;allerg\u00e8nes et d&rsquo;additifs.<\/p>\n<p>Le chorizo, qui est notre principale sp\u00e9cialit\u00e9, ne contient aucun colorant artificiel. Sa couleur rouge intense est directement fournie par le paprika de La Vera, le meilleur d&rsquo;Espagne.[\/vc_column_text][vc_separator css=\u00a0\u00bb.vc_custom_1618769411490{padding-right: 5% !important;padding-left: 5% !important;}\u00a0\u00bb][vc_column_text css=\u00a0\u00bb.vc_custom_1620190840769{padding-right: 5% !important;padding-left: 5% !important;}\u00a0\u00bb]<\/p>\n<div class=\"bloqueEstatico_a_right_in_texto_2_tit fuente_subtit\">\n<h3><strong>NOTRE GAMME EST DIVIS\u00c9E EN:<\/strong><\/h3>\n<\/div>\n<div class=\"bloqueEstatico_a_right_in_texto_2_txt fuente_text\">\n<ul>\n<li><span style=\"color: #d25d13;\"><strong>SAUCISSON<\/strong><\/span>: Saucisson traditionnel achet\u00e9 entier. Id\u00e9al \u00e0 l&rsquo;ap\u00e9ritif et pour les sandwichs des enfants.<\/li>\n<li><span style=\"color: #d25d13;\"><strong>EN TRANCHES<\/strong><\/span>: Le m\u00eame produit que le produit s\u00e9ch\u00e9, mais pr\u00e9sent\u00e9 en tranches dans un emballage sp\u00e9cial qui conserve sa fra\u00eecheur et sa saveur. C&rsquo;est le moyen le plus simple d&rsquo;essayer les produits Ortiz.<\/li>\n<li><span style=\"color: #d25d13;\"><strong>BARBACOA<\/strong><\/span>: le produit vedette d&rsquo;Embutidos Ortiz aujourd&rsquo;hui. Nous le fabriquons depuis plus de 25 ans et c&rsquo;est le produit id\u00e9al \u00e0 d\u00e9guster entre amis. Tr\u00e8s facile \u00e0 pr\u00e9parer.<\/li>\n<\/ul>\n<\/div>\n<p>[\/vc_column_text][\/vc_column][\/vc_row][vc_row][vc_column][vc_empty_space][\/vc_column][\/vc_row]<\/p>\n","protected":false},"excerpt":{"rendered":"<p>[vc_row full_width=\u00a0\u00bbstretch_row_content\u00a0\u00bb full_height=\u00a0\u00bbyes\u00a0\u00bb content_placement=\u00a0\u00bbmiddle\u00a0\u00bb parallax=\u00a0\u00bbcontent-moving\u00a0\u00bb parallax_image=\u00a0\u00bb5575&Prime; content_text_alignment=\u00a0\u00bbcenter\u00a0\u00bb][vc_column][vc_column_text] LA FAMILIA ORTIZ [\/vc_column_text][vc_separator color=\u00a0\u00bbwhite\u00a0\u00bb el_width=\u00a0\u00bb10&Prime; css=\u00a0\u00bb.vc_custom_1617808503948{margin-top: -2% !important;}\u00a0\u00bb][vc_column_text] Una historia de dedicaci\u00f3n y superaci\u00f3n de varias generaciones [\/vc_column_text][\/vc_column][\/vc_row][vc_row full_width=\u00a0\u00bbstretch_row_content_no_spaces\u00a0\u00bb bg_type=\u00a0\u00bbbg_color\u00a0\u00bb bg_color_value=\u00a0\u00bb#faf6ea\u00a0\u00bb][vc_column][vc_column_text] HISTOIRE [\/vc_column_text][vc_column_text] DEPUIS 1915&#8230; [\/vc_column_text][vc_row_inner css=\u00a0\u00bb.vc_custom_1618768077609{margin-top: -3% !important;}\u00a0\u00bb][vc_column_inner width=\u00a0\u00bb1\/3&Prime;][\/vc_column_inner][vc_column_inner width=\u00a0\u00bb1\/3&Prime; css=\u00a0\u00bb.vc_custom_1619992231693{margin-right:<\/p>\n","protected":false},"author":2,"featured_media":0,"parent":0,"menu_order":0,"comment_status":"closed","ping_status":"closed","template":"","meta":[],"_links":{"self":[{"href":"https:\/\/nueva.embutidosortiz.com\/fr\/wp-json\/wp\/v2\/pages\/6439"}],"collection":[{"href":"https:\/\/nueva.embutidosortiz.com\/fr\/wp-json\/wp\/v2\/pages"}],"about":[{"href":"https:\/\/nueva.embutidosortiz.com\/fr\/wp-json\/wp\/v2\/types\/page"}],"author":[{"embeddable":true,"href":"https:\/\/nueva.embutidosortiz.com\/fr\/wp-json\/wp\/v2\/users\/2"}],"replies":[{"embeddable":true,"href":"https:\/\/nueva.embutidosortiz.com\/fr\/wp-json\/wp\/v2\/comments?post=6439"}],"version-history":[{"count":5,"href":"https:\/\/nueva.embutidosortiz.com\/fr\/wp-json\/wp\/v2\/pages\/6439\/revisions"}],"predecessor-version":[{"id":6465,"href":"https:\/\/nueva.embutidosortiz.com\/fr\/wp-json\/wp\/v2\/pages\/6439\/revisions\/6465"}],"wp:attachment":[{"href":"https:\/\/nueva.embutidosortiz.com\/fr\/wp-json\/wp\/v2\/media?parent=6439"}],"curies":[{"name":"wp","href":"https:\/\/api.w.org\/{rel}","templated":true}]}}