{"id":7264,"date":"2021-05-10T18:19:20","date_gmt":"2021-05-10T18:19:20","guid":{"rendered":"https:\/\/nueva.embutidosortiz.com\/contact\/"},"modified":"2021-05-11T04:32:28","modified_gmt":"2021-05-11T04:32:28","slug":"contact","status":"publish","type":"page","link":"https:\/\/nueva.embutidosortiz.com\/en\/contact\/","title":{"rendered":"Contact"},"content":{"rendered":"<p>[vc_row full_width=&#8221;stretch_row_content_no_spaces&#8221; bg_type=&#8221;image&#8221; parallax_style=&#8221;&#8221; enable_parallax=&#8221;true&#8221; parallax_background=&#8221;7222&#8243; css=&#8221;.vc_custom_1620641792945{background-image: url(https:\/\/nueva.embutidosortiz.com\/wp-content\/uploads\/2021\/05\/contacto-slider-top_2_37f9805b6da39f596e575f8a7d9d7743.jpg?id=7222) !important;}&#8221;][vc_column][vc_row_inner css=&#8221;.vc_custom_1618768077609{margin-top: -3% !important;}&#8221;][vc_column_inner width=&#8221;1\/3&#8243;][\/vc_column_inner][vc_column_inner width=&#8221;1\/3&#8243; css=&#8221;.vc_custom_1619992231693{margin-right: 1% !important;margin-left: 1% !important;}&#8221;][vc_empty_space height=&#8221;60px&#8221;][vc_column_text]<\/p>\n<p style=\"text-align: center; letter-spacing: 0.4em;\">BUTCHERS SINCE 1915<\/p>\n<p>[\/vc_column_text][vc_column_text]<\/p>\n<h1 style=\"text-align: center;\"><span style=\"color: #d25d13;\">EMBUTIDOS<\/span><br \/>\n<span style=\"color: #d25d13;\">DOMINGO ORTIZ MORENO S.L.<\/span><\/h1>\n<p>[\/vc_column_text][vc_separator color=&#8221;black&#8221;][vc_column_text]<\/p>\n<p style=\"text-align: center;\"><span class=\"noSepara\">P. I. LENTISCARES,<\/span> <span class=\"noSepara\">LAS ENCINILLAS, 3<\/span><\/p>\n<p style=\"text-align: center;\"><span class=\"noSepara\">26370,<\/span> <span class=\"noSepara\">NAVARRETE (LA RIOJA), SPAIN<\/span><\/p>\n<p style=\"text-align: center;\"><span class=\"noSepara\"><span class=\"rojo fuente_2\"><span style=\"color: #7aaabc;\"><strong>TEL<\/strong><\/span>.<\/span> <a class=\"tel\" style=\"text-decoration: none;\" title=\"Call us\" href=\"tel:34941441044\">(+34) 941 441 044<\/a><\/span> \u00b7 <span class=\"noSepara\"><span style=\"color: #7aaabc;\"><strong><span class=\"rojo fuente_2\">FAX<\/span><\/strong><\/span> <a class=\"tel\" style=\"text-decoration: none;\" title=\"Send us a fax\" href=\"tel:34941440713\">(+34) 941 440 713<\/a><\/span><\/p>\n<p style=\"text-align: center;\"><span style=\"color: #d25d13;\"><strong><a class=\"mail fuente_2\" style=\"color: #d25d13; text-decoration: none;\" title=\"Email us to info@embutidosortiz.com\" href=\"mailto:info@embutidosortiz.com\">info@embutidosortiz.com<\/a><\/strong><\/span><\/p>\n<p>[\/vc_column_text][vc_btn title=&#8221;SEE IN GOOGLE MAPS&#8221; style=&#8221;custom&#8221; custom_background=&#8221;#94c0d0&#8243; custom_text=&#8221;#ffffff&#8221; align=&#8221;center&#8221; link=&#8221;url:https%3A%2F%2Fwww.google.es%2Fmaps%2Fplace%2FEmbutidos%2BDomingo%2BOrtiz%2BMoreno%2C%2BS.L.%2F%4042.4429665%2C-2.5728702%2C17z%2Fdata%3D%214m5%213m4%211s0x0%3A0x85429d6e9e28c466%218m2%213d42.443146%214d-2.5728634|target:_blank|&#8221;][\/vc_column_inner][vc_column_inner width=&#8221;1\/3&#8243;][\/vc_column_inner][\/vc_row_inner][\/vc_column][\/vc_row][vc_row full_width=&#8221;stretch_row_content_no_spaces&#8221; bg_type=&#8221;bg_color&#8221; bg_color_value=&#8221;#94c0d0&#8243;][vc_column][vc_row_inner][vc_column_inner width=&#8221;1\/3&#8243;][\/vc_column_inner][vc_column_inner width=&#8221;1\/3&#8243;][vc_column_text]<\/p>\n<p style=\"text-align: center; letter-spacing: 0.1em;\"><strong><span style=\"font-size: 14pt;\">WRITE TO US<\/span><\/strong><\/p>\n<p>[\/vc_column_text][vc_column_text]<\/p>\n<p style=\"text-align: center;\">You can suggest something to us or ask us about our products and services<\/p>\n<p>[\/vc_column_text][\/vc_column_inner][vc_column_inner width=&#8221;1\/3&#8243;][\/vc_column_inner][\/vc_row_inner][vc_row_inner][vc_column_inner width=&#8221;1\/4&#8243;][\/vc_column_inner][vc_column_inner width=&#8221;1\/2&#8243; alignment=&#8221;center&#8221;]<div style=\"\"><div role=\"form\" class=\"wpcf7\" id=\"wpcf7-f7282-o1\" lang=\"es-ES\" dir=\"ltr\">\n<div class=\"screen-reader-response\"><p role=\"status\" aria-live=\"polite\" aria-atomic=\"true\"><\/p> <ul><\/ul><\/div>\n<form action=\"\/en\/wp-json\/wp\/v2\/pages\/7264#wpcf7-f7282-o1\" method=\"post\" class=\"wpcf7-form init\" novalidate=\"novalidate\" data-status=\"init\">\n<div style=\"display: none;\">\n<input type=\"hidden\" name=\"_wpcf7\" value=\"7282\" \/>\n<input type=\"hidden\" name=\"_wpcf7_version\" value=\"5.4.1\" \/>\n<input type=\"hidden\" name=\"_wpcf7_locale\" value=\"es_ES\" \/>\n<input type=\"hidden\" name=\"_wpcf7_unit_tag\" value=\"wpcf7-f7282-o1\" \/>\n<input type=\"hidden\" name=\"_wpcf7_container_post\" value=\"0\" \/>\n<input type=\"hidden\" name=\"_wpcf7_posted_data_hash\" value=\"\" \/>\n<\/div>\n<p><label> Name<br \/>\n    <span class=\"wpcf7-form-control-wrap your-name\"><input type=\"text\" name=\"your-name\" value=\"\" size=\"40\" class=\"wpcf7-form-control wpcf7-text wpcf7-validates-as-required\" aria-required=\"true\" aria-invalid=\"false\" \/><\/span> <\/label><\/p>\n<p><label> Email<br \/>\n    <span class=\"wpcf7-form-control-wrap your-email\"><input type=\"email\" name=\"your-email\" value=\"\" size=\"40\" class=\"wpcf7-form-control wpcf7-text wpcf7-email wpcf7-validates-as-required wpcf7-validates-as-email\" aria-required=\"true\" aria-invalid=\"false\" \/><\/span> <\/label><\/p>\n<p><label> Consultation<br \/>\n    <span class=\"wpcf7-form-control-wrap your-message\"><textarea name=\"your-message\" cols=\"40\" rows=\"10\" class=\"wpcf7-form-control wpcf7-textarea\" aria-invalid=\"false\"><\/textarea><\/span> <\/label><\/p>\n<p>In compliance with the provisions of the current regulations on Personal Data Protection, we inform you that your personal data will be processed by EMBUTIDOS DOMINGO ORTIZ MORENO S.L., in its capacity as data controller for the purpose of managing requests for information that arrive through the web forms or social networks. We also inform you that unless legally obliged to do so or with your express consent, we will not pass on your data to third parties. You have the right to obtain confirmation as to whether we are processing your personal data, therefore you have the right to access your personal data, rectify inaccurate data or request its deletion when the data is no longer necessary, as well as to exercise the other rights set out in the regulations in the manner explained in the additional information. You may exercise the aforementioned rights under the terms established in the current regulations by contacting EMBUTIDOS DOMINGO ORTIZ MORENO S.L., tfn.941441044, email: <a href=\"mailto:info@embutidosortiz.com\">info@embutidosortiz.com<\/a>. You can also request additional detailed information about our data protection policy from the same contact details. You can also consult our additional information by clicking on the following link: Privacy and data protection<\/p>\n<p>Translated with www.DeepL.com\/Translator (free version). Asimismo, Usted puede solicitar a los mismos datos de contacto, informaci\u00f3n adicional detallada sobre nuestra pol\u00edtica de protecci\u00f3n de datos. Igualmente, podr\u00e1 consultar nuestra informaci\u00f3n adicional pulsando el siguiente enlace: <a href=\"privacy-policy\">Privacy and data protection<\/a><\/p>\n<p><span class=\"wpcf7-form-control-wrap acceptance-573\"><span class=\"wpcf7-form-control wpcf7-acceptance\"><span class=\"wpcf7-list-item\"><label><input type=\"checkbox\" name=\"acceptance-573\" value=\"1\" aria-invalid=\"false\" \/><span class=\"wpcf7-list-item-label\">I have read and accept the <a href=\"privacy-policy\">Privacy Policy<\/a><\/span><\/label><\/span><\/span><\/span> <\/p>\n<p><input type=\"submit\" value=\"Submit\" class=\"wpcf7-form-control wpcf7-submit\" \/><\/p>\n<div class=\"wpcf7-response-output\" aria-hidden=\"true\"><\/div><\/form><\/div><\/div>[\/vc_column_inner][vc_column_inner width=&#8221;1\/4&#8243;][\/vc_column_inner][\/vc_row_inner][\/vc_column][\/vc_row][vc_row][vc_column][vc_gmaps link=&#8221;#E-8_JTNDaWZyYW1lJTIwc3JjJTNEJTIyaHR0cHMlM0ElMkYlMkZ3d3cuZ29vZ2xlLmNvbSUyRm1hcHMlMkZlbWJlZCUzRnBiJTNEJTIxMW0xNCUyMTFtOCUyMTFtMyUyMTFkNTg4OC42MTI2NTUxMTA0OTYlMjEyZC0yLjU3MzQ4JTIxM2Q0Mi40NDI0OTglMjEzbTIlMjExaTEwMjQlMjEyaTc2OCUyMTRmMTMuMSUyMTNtMyUyMTFtMiUyMTFzMHgwJTI1M0EweDg1NDI5ZDZlOWUyOGM0NjYlMjEyc0VtYnV0aWRvcyUyNTIwRG9taW5nbyUyNTIwT3J0aXolMjUyME1vcmVubyUyNTJDJTI1MjBTLkwuJTIxNWUwJTIxM20yJTIxMXNlcyUyMTJzdXMlMjE0djE2MjA2Njk4ODYxNjElMjE1bTIlMjExc2VzJTIxMnN1cyUyMiUyMHdpZHRoJTNEJTIyNjAwJTIyJTIwaGVpZ2h0JTNEJTIyNDUwJTIyJTIwc3R5bGUlM0QlMjJib3JkZXIlM0EwJTNCJTIyJTIwYWxsb3dmdWxsc2NyZWVuJTNEJTIyJTIyJTIwbG9hZGluZyUzRCUyMmxhenklMjIlM0UlM0MlMkZpZnJhbWUlM0UlMEE=&#8221;][\/vc_column][\/vc_row]<\/p>\n","protected":false},"excerpt":{"rendered":"<p>[vc_row full_width=&#8221;stretch_row_content_no_spaces&#8221; bg_type=&#8221;image&#8221; parallax_style=&#8221;&#8221; enable_parallax=&#8221;true&#8221; parallax_background=&#8221;7222&#8243; css=&#8221;.vc_custom_1620641792945{background-image: url(https:\/\/nueva.embutidosortiz.com\/wp-content\/uploads\/2021\/05\/contacto-slider-top_2_37f9805b6da39f596e575f8a7d9d7743.jpg?id=7222) !important;}&#8221;][vc_column][vc_row_inner css=&#8221;.vc_custom_1618768077609{margin-top: -3% !important;}&#8221;][vc_column_inner width=&#8221;1\/3&#8243;][\/vc_column_inner][vc_column_inner width=&#8221;1\/3&#8243; css=&#8221;.vc_custom_1619992231693{margin-right: 1% !important;margin-left: 1% !important;}&#8221;][vc_empty_space height=&#8221;60px&#8221;][vc_column_text] BUTCHERS SINCE 1915 [\/vc_column_text][vc_column_text] EMBUTIDOS DOMINGO ORTIZ MORENO S.L. [\/vc_column_text][vc_separator color=&#8221;black&#8221;][vc_column_text] P. I. LENTISCARES, LAS ENCINILLAS, 3 26370, NAVARRETE (LA<\/p>\n","protected":false},"author":1,"featured_media":0,"parent":0,"menu_order":0,"comment_status":"closed","ping_status":"closed","template":"","meta":[],"_links":{"self":[{"href":"https:\/\/nueva.embutidosortiz.com\/en\/wp-json\/wp\/v2\/pages\/7264"}],"collection":[{"href":"https:\/\/nueva.embutidosortiz.com\/en\/wp-json\/wp\/v2\/pages"}],"about":[{"href":"https:\/\/nueva.embutidosortiz.com\/en\/wp-json\/wp\/v2\/types\/page"}],"author":[{"embeddable":true,"href":"https:\/\/nueva.embutidosortiz.com\/en\/wp-json\/wp\/v2\/users\/1"}],"replies":[{"embeddable":true,"href":"https:\/\/nueva.embutidosortiz.com\/en\/wp-json\/wp\/v2\/comments?post=7264"}],"version-history":[{"count":19,"href":"https:\/\/nueva.embutidosortiz.com\/en\/wp-json\/wp\/v2\/pages\/7264\/revisions"}],"predecessor-version":[{"id":7284,"href":"https:\/\/nueva.embutidosortiz.com\/en\/wp-json\/wp\/v2\/pages\/7264\/revisions\/7284"}],"wp:attachment":[{"href":"https:\/\/nueva.embutidosortiz.com\/en\/wp-json\/wp\/v2\/media?parent=7264"}],"curies":[{"name":"wp","href":"https:\/\/api.w.org\/{rel}","templated":true}]}}