{"id":6438,"date":"2021-05-05T04:09:21","date_gmt":"2021-05-05T04:09:21","guid":{"rendered":"https:\/\/nueva.embutidosortiz.com\/historia\/"},"modified":"2021-05-05T04:51:16","modified_gmt":"2021-05-05T04:51:16","slug":"historia","status":"publish","type":"page","link":"https:\/\/nueva.embutidosortiz.com\/en\/historia\/","title":{"rendered":"History"},"content":{"rendered":"<p>[vc_row full_width=&#8221;stretch_row_content&#8221; full_height=&#8221;yes&#8221; content_placement=&#8221;middle&#8221; parallax=&#8221;content-moving&#8221; parallax_image=&#8221;5575&#8243; content_text_alignment=&#8221;center&#8221;][vc_column][vc_column_text]<\/p>\n<h1 style=\"text-align: center; color: #ffffff;\"><span style=\"font-family: 'Playfair Display'; font-size: 2.5em; font-weight: light;\">LA FAMILIA<\/span><br \/>\n<span style=\"font-family: 'Playfair Display'; font-size: 2.5em; font-weight: light;\">ORTIZ<\/span><\/h1>\n<p>[\/vc_column_text][vc_separator color=&#8221;white&#8221; el_width=&#8221;10&#8243; css=&#8221;.vc_custom_1617808503948{margin-top: -2% !important;}&#8221;][vc_column_text]<\/p>\n<h1 style=\"text-align: center; font-size: 1.0em;\"><span style=\"color: #ffffff; font-family: 'Playfair Display';\">Una historia de dedicaci\u00f3n y<br \/>\nsuperaci\u00f3n de varias generaciones<\/span><\/h1>\n<p>[\/vc_column_text][\/vc_column][\/vc_row][vc_row full_width=&#8221;stretch_row_content_no_spaces&#8221; bg_type=&#8221;bg_color&#8221; bg_color_value=&#8221;#faf6ea&#8221;][vc_column][vc_column_text]<\/p>\n<p style=\"text-align: center; letter-spacing: 0.1.em;\">HISTORY<\/p>\n<p>[\/vc_column_text][vc_column_text css=&#8221;.vc_custom_1620187900671{padding-left: 5% !important;}&#8221;]<\/p>\n<p style=\"text-align: center;\"><strong><span style=\"font-family: 'Playfair Display'; font-size: 2.5em;\">FROM 1915&#8230;<br \/>\n<\/span><\/strong><\/p>\n<p>[\/vc_column_text][vc_row_inner css=&#8221;.vc_custom_1618768077609{margin-top: -3% !important;}&#8221;][vc_column_inner width=&#8221;1\/3&#8243;][\/vc_column_inner][vc_column_inner width=&#8221;1\/3&#8243; css=&#8221;.vc_custom_1619992231693{margin-right: 1% !important;margin-left: 1% !important;}&#8221;][vc_column_text]<\/p>\n<p style=\"text-align: center;\"><span style=\"color: #557c8b;\">Our family has been making traditional sausages for over 100 years in Ba\u00f1os de R\u00edo Tob\u00eda, a small village focused on the artisan production of traditional Rioja chorizo sausages.<\/span><\/p>\n<p>[\/vc_column_text][\/vc_column_inner][vc_column_inner width=&#8221;1\/3&#8243;][\/vc_column_inner][\/vc_row_inner][vc_row_inner gap=&#8221;35&#8243;][vc_column_inner width=&#8221;1\/6&#8243;][\/vc_column_inner][vc_column_inner width=&#8221;1\/3&#8243; css=&#8221;.vc_custom_1619992345714{margin-right: 3% !important;margin-left: 3% !important;}&#8221;][vc_column_text css=&#8221;.vc_custom_1620188052976{margin-right: 2% !important;margin-left: 2% !important;}&#8221;]We are in La Rioja, a land known throughout the world for the quality of its wines, but where many other consumer products also stand out. Especially the vegetables and traditional sausages derived from pork, which are part of the culture of this region.[\/vc_column_text][\/vc_column_inner][vc_column_inner width=&#8221;1\/3&#8243; css=&#8221;.vc_custom_1619992441206{margin-right: 3% !important;margin-left: 3% !important;}&#8221;][vc_column_text css=&#8221;.vc_custom_1620188076996{margin-right: 2% !important;margin-left: 2% !important;}&#8221;]At Embutidos Ortiz, we want to transmit all this culture and tradition to the flavour of our products, many of which (chorizo, salchich\u00f3n, chistorra) still maintain the natural recipe used by our great-grandfather Pedro, our grandfather Faustino and our father Domingo.[\/vc_column_text][\/vc_column_inner][vc_column_inner width=&#8221;1\/6&#8243;][\/vc_column_inner][\/vc_row_inner][vc_single_image image=&#8221;5589&#8243; img_size=&#8221;full&#8221; alignment=&#8221;center&#8221;][\/vc_column][\/vc_row][vc_row full_width=&#8221;stretch_row_content_no_spaces&#8221; bg_type=&#8221;bg_color&#8221; bg_color_value=&#8221;#faf6ea&#8221;][vc_column][vc_column_text]<\/p>\n<p style=\"text-align: center; letter-spacing: 0.1em;\">HISTORY<\/p>\n<p>[\/vc_column_text][vc_column_text css=&#8221;.vc_custom_1620188095991{padding-left: 5% !important;}&#8221;]<\/p>\n<p style=\"text-align: center;\"><strong><span style=\"font-family: 'Playfair Display'; font-size: 2.5em;\">&#8230;TO THE PRESENT DAY<br \/>\n<\/span><\/strong><\/p>\n<p>[\/vc_column_text][vc_row_inner css=&#8221;.vc_custom_1618768077609{margin-top: -3% !important;}&#8221;][vc_column_inner width=&#8221;1\/3&#8243;][\/vc_column_inner][vc_column_inner width=&#8221;1\/3&#8243;][vc_column_text]<\/p>\n<p style=\"text-align: center;\"><span style=\"color: #557c8b;\">Our mission is to continue with the same values they passed on to us: professionalism, simplicity and good workmanship. <\/span><\/p>\n<p>[\/vc_column_text][\/vc_column_inner][vc_column_inner width=&#8221;1\/3&#8243;][\/vc_column_inner][\/vc_row_inner][vc_row_inner gap=&#8221;35&#8243;][vc_column_inner width=&#8221;1\/4&#8243;][\/vc_column_inner][vc_column_inner width=&#8221;1\/2&#8243; css=&#8221;.vc_custom_1619992470895{margin-right: 5% !important;margin-left: 5% !important;}&#8221;][vc_column_text]<\/p>\n<p style=\"text-align: center;\">Embutidos Ortiz was one of the first small companies in La Rioja to obtain permits to export Riojan sausages to countries such as Japan, Argentina, Chile, Brazil and New Zealand. Today we are present in more than 25 countries all over the world.<\/p>\n<p>[\/vc_column_text][\/vc_column_inner][vc_column_inner width=&#8221;1\/4&#8243; css=&#8221;.vc_custom_1619992484023{margin-right: 5% !important;margin-left: 5% !important;}&#8221;][\/vc_column_inner][\/vc_row_inner][vc_column_text]<\/p>\n<p style=\"text-align: center;\"><span style=\"font-family: 'Playfair Display'; font-size: 1.5em; font-weight: light; color: #d25d13;\">&#8220;THE ORTIZ FAMILY: AN EMBLEM OF TASTE WITH TRADITION&#8221;.<\/span><\/p>\n<p>[\/vc_column_text][\/vc_column][\/vc_row][vc_row full_width=&#8221;stretch_row_content_no_spaces&#8221; equal_height=&#8221;yes&#8221; bg_type=&#8221;bg_color&#8221; bg_color_value=&#8221;#f2e6cf&#8221; css=&#8221;.vc_custom_1619992614537{margin-bottom: -7% !important;}&#8221;][vc_column width=&#8221;1\/2&#8243; css=&#8221;.vc_custom_1618769790003{margin-left: -30% !important;background-image: url(https:\/\/nueva.embutidosortiz.com\/wp-content\/uploads\/2021\/04\/hist3.jpg?id=5595) !important;}&#8221;][\/vc_column][vc_column width=&#8221;1\/2&#8243;][vc_column_text css=&#8221;.vc_custom_1620188572394{padding-left: 5% !important;}&#8221;]<\/p>\n<p style=\"text-align: left;\">COMMITMENT<\/p>\n<p>[\/vc_column_text][vc_column_text css=&#8221;.vc_custom_1620188378431{padding-left: 5% !important;}&#8221;]<\/p>\n<p style=\"text-align: left;\"><strong><span style=\"font-family: 'Playfair Display'; font-size: 2.5em;\">NATURAL INGREDIENTS<br \/>\n<\/span><\/strong><\/p>\n<p>[\/vc_column_text][vc_column_text css=&#8221;.vc_custom_1620188436946{padding-right: 5% !important;padding-left: 5% !important;}&#8221;]At Embutidos Ortiz we use the best raw materials, which allows our sausages to stand out for their traditional flavour.<\/p>\n<p>All our products are <strong>Gluten Free<\/strong>. Our <strong>M\u00e1s Natural<\/strong> range is allergen-free and we also use natural ingredients in our <strong>100% Natural<\/strong> range, which is free of allergens and additives.<\/p>\n<p>The chorizo, which is our main speciality, does not contain any artificial colouring. Its intense red colour is provided directly by La Vera paprika, the best in Spain.[\/vc_column_text][vc_separator css=&#8221;.vc_custom_1618769411490{padding-right: 5% !important;padding-left: 5% !important;}&#8221;][vc_column_text css=&#8221;.vc_custom_1620188556519{padding-right: 5% !important;padding-left: 5% !important;}&#8221;]<\/p>\n<div class=\"bloqueEstatico_a_right_in_texto_2_tit fuente_subtit\">\n<h3><strong>OUR RANGE IS DIVIDED TO:<\/strong><\/h3>\n<\/div>\n<div class=\"bloqueEstatico_a_right_in_texto_2_txt fuente_text\">\n<ul>\n<li><span style=\"color: #d25d13;\"><strong>CURED<\/strong><\/span>: Traditional sausage that is bought whole. Ideal as an aperitif and for children&#8217;s sandwiches.<\/li>\n<li><span style=\"color: #d25d13;\"><strong>SLICED<\/strong><\/span>: The same product as the cured sausage, but presented sliced in a special pack that maintains its freshness and flavour. It is the easiest way to try Ortiz products.<\/li>\n<li><span style=\"color: #d25d13;\"><strong>BARBECUE<\/strong><\/span>: The star product of Embutidos Ortiz today. We have been making it for more than 25 years and it is the ideal product to enjoy with friends. Very easy to prepare.<\/li>\n<\/ul>\n<p>&nbsp;<\/p>\n<p>&nbsp;<\/p>\n<\/div>\n<p>[\/vc_column_text][\/vc_column][\/vc_row][vc_row][vc_column][vc_empty_space][\/vc_column][\/vc_row]<\/p>\n","protected":false},"excerpt":{"rendered":"<p>[vc_row full_width=&#8221;stretch_row_content&#8221; full_height=&#8221;yes&#8221; content_placement=&#8221;middle&#8221; parallax=&#8221;content-moving&#8221; parallax_image=&#8221;5575&#8243; content_text_alignment=&#8221;center&#8221;][vc_column][vc_column_text] LA FAMILIA ORTIZ [\/vc_column_text][vc_separator color=&#8221;white&#8221; el_width=&#8221;10&#8243; css=&#8221;.vc_custom_1617808503948{margin-top: -2% !important;}&#8221;][vc_column_text] Una historia de dedicaci\u00f3n y superaci\u00f3n de varias generaciones [\/vc_column_text][\/vc_column][\/vc_row][vc_row full_width=&#8221;stretch_row_content_no_spaces&#8221; bg_type=&#8221;bg_color&#8221; bg_color_value=&#8221;#faf6ea&#8221;][vc_column][vc_column_text] HISTORY [\/vc_column_text][vc_column_text css=&#8221;.vc_custom_1620187900671{padding-left: 5% !important;}&#8221;] FROM 1915&#8230; [\/vc_column_text][vc_row_inner css=&#8221;.vc_custom_1618768077609{margin-top: -3% !important;}&#8221;][vc_column_inner<\/p>\n","protected":false},"author":2,"featured_media":0,"parent":0,"menu_order":0,"comment_status":"closed","ping_status":"closed","template":"","meta":[],"_links":{"self":[{"href":"https:\/\/nueva.embutidosortiz.com\/en\/wp-json\/wp\/v2\/pages\/6438"}],"collection":[{"href":"https:\/\/nueva.embutidosortiz.com\/en\/wp-json\/wp\/v2\/pages"}],"about":[{"href":"https:\/\/nueva.embutidosortiz.com\/en\/wp-json\/wp\/v2\/types\/page"}],"author":[{"embeddable":true,"href":"https:\/\/nueva.embutidosortiz.com\/en\/wp-json\/wp\/v2\/users\/2"}],"replies":[{"embeddable":true,"href":"https:\/\/nueva.embutidosortiz.com\/en\/wp-json\/wp\/v2\/comments?post=6438"}],"version-history":[{"count":7,"href":"https:\/\/nueva.embutidosortiz.com\/en\/wp-json\/wp\/v2\/pages\/6438\/revisions"}],"predecessor-version":[{"id":6445,"href":"https:\/\/nueva.embutidosortiz.com\/en\/wp-json\/wp\/v2\/pages\/6438\/revisions\/6445"}],"wp:attachment":[{"href":"https:\/\/nueva.embutidosortiz.com\/en\/wp-json\/wp\/v2\/media?parent=6438"}],"curies":[{"name":"wp","href":"https:\/\/api.w.org\/{rel}","templated":true}]}}