{"id":6783,"date":"2021-04-15T17:32:38","date_gmt":"2021-04-15T17:32:38","guid":{"rendered":"https:\/\/nueva.embutidosortiz.com\/mas-natural-salchichon-extra\/"},"modified":"2021-05-06T11:02:06","modified_gmt":"2021-05-06T11:02:06","slug":"mas-natural-salchichon-extra","status":"publish","type":"page","link":"https:\/\/nueva.embutidosortiz.com\/de\/mas-natural-salchichon-extra\/","title":{"rendered":"M\u00e1s Natural Salchich\u00f3n Extra"},"content":{"rendered":"<p>[vc_row full_width=&#8220;stretch_row_content_no_spaces&#8220; bg_type=&#8220;bg_color&#8220; bg_override=&#8220;ex-full&#8220; bg_color_value=&#8220;#faf6ea&#8220; css=&#8220;.vc_custom_1619990124424{margin-bottom: -8% !important;}&#8220;][vc_column width=&#8220;1\/5&#8243; offset=&#8220;vc_hidden-xs&#8220;]<div class=\"ult_row_spacer\"><div class=\"ult-sticky-anchor\"><div class=\"ult-sticky-section ult-sticky \"  data-stick_behaviour= 'stick_with_scroll_row'  data-sticky_position= 'top' data-mobile='no' data-support='no'>[vc_wp_custommenu nav_menu=&#8220;77&#8243;]<\/div><div class=\"ult-space\"><\/div><\/div><\/div>[\/vc_column][vc_column width=&#8220;4\/5&#8243;][vc_column_text css=&#8220;.vc_custom_1619990665441{margin-top: 5% !important;}&#8220;]<\/p>\n<div id=\"prodTit\" class=\"noAutoShow entraTextoVideos\">\n<h4 class=\"fuente_8\" style=\"text-align: center;\" data-delayapear=\"0\"><span style=\"font-family: 'Playfair Display'; font-size: 2.5em; font-weight: light;\">SALCHICH\u00d3N EXTRA<\/span><\/h4>\n<\/div>\n<div id=\"prodSubTit\" class=\"fuente_5 noAutoShow entraTextoVideos\" style=\"text-align: center;\" data-delayapear=\"150\"><span style=\"color: #d25d13; letter-spacing: 0.1em;\">M\u00c1S NATURAL<\/span><\/div>\n<p>[\/vc_column_text][vc_column_text css=&#8220;.vc_custom_1618507853043{margin-right: 20% !important;margin-left: 20% !important;}&#8220;]<\/p>\n<div id=\"prodTit\" class=\"noAutoShow entraTextoVideos\"><\/div>\n<div id=\"prodSubTxtList\" class=\"fuente_8 noAutoShow entraTextoVideos\" data-delayapear=\"250\">\n<p style=\"text-align: center;\">L\u00ednea de productos, elaborada sin al\u00e9rgenos, con la intensidad del sabor m\u00e1s natural<\/p>\n<\/div>\n<p>[\/vc_column_text][vc_single_image image=&#8220;5453&#8243; img_size=&#8220;full&#8220; alignment=&#8220;center&#8220;][vc_row_inner css=&#8220;.vc_custom_1619990379433{margin-right: 5% !important;}&#8220;][vc_column_inner width=&#8220;1\/3&#8243; css=&#8220;.vc_custom_1619990215556{margin-left: 2% !important;}&#8220;][vc_column_text]<\/p>\n<div id=\"prodSubTit\" class=\"fuente_5 noAutoShow entraTextoVideos\" style=\"text-align: left;\" data-delayapear=\"150\"><strong><span style=\"color: #d25d13;\">ELABORACI\u00d3N<\/span><\/strong><\/div>\n<hr \/>\n<p>[\/vc_column_text][vc_column_text]<\/p>\n<div id=\"prodTit\" class=\"noAutoShow entraTextoVideos\"><\/div>\n<div id=\"prodSubTxtList\" class=\"fuente_8 noAutoShow entraTextoVideos\" data-delayapear=\"250\">\n<p style=\"text-align: left;\">El Salchich\u00f3n Extra Ortiz M\u00e1s Natural se elabora con la mejor carne de cerdo para conseguir un producto muy jugoso y sabroso. Sin Al\u00e9rgenos.<\/p>\n<\/div>\n<p>[\/vc_column_text][vc_column_text]<\/p>\n<div id=\"prodSubTit\" class=\"fuente_5 noAutoShow entraTextoVideos\" style=\"text-align: left;\" data-delayapear=\"150\"><strong><span style=\"color: #d25d13;\">CONSUMO<\/span><\/strong><\/div>\n<hr \/>\n<p>[\/vc_column_text][vc_column_text]<\/p>\n<div id=\"prodTit\" class=\"noAutoShow entraTextoVideos\"><\/div>\n<div id=\"prodSubTxtList\" class=\"fuente_8 noAutoShow entraTextoVideos\" data-delayapear=\"250\">\n<p style=\"text-align: left;\">Excelente tanto en bocadillo, sandwich o como una tapa acompa\u00f1ado con un poco de pan de pueblo. Muy, muy rico.<\/p>\n<\/div>\n<p>[\/vc_column_text][\/vc_column_inner][vc_column_inner width=&#8220;1\/3&#8243;][vc_column_text css=&#8220;.vc_custom_1619990458469{margin-right: 5% !important;margin-left: 5% !important;}&#8220;]<\/p>\n<div id=\"prodSubTit\" class=\"fuente_5 noAutoShow entraTextoVideos\" style=\"text-align: center;\" data-delayapear=\"150\"><strong><span style=\"color: #d25d13;\">PRESENTACI\u00d3N<\/span><\/strong><\/div>\n<hr \/>\n<p>[\/vc_column_text][vc_single_image image=&#8220;6784&#8243; img_size=&#8220;full&#8220; alignment=&#8220;center&#8220; css=&#8220;.vc_custom_1618507955542{margin-top: 3% !important;}&#8220;][\/vc_column_inner][vc_column_inner width=&#8220;1\/3&#8243; css=&#8220;.vc_custom_1619990223673{margin-left: 2% !important;}&#8220;][vc_column_text]<\/p>\n<div id=\"prodSubTit\" class=\"fuente_5 noAutoShow entraTextoVideos\" style=\"text-align: left;\" data-delayapear=\"150\"><strong><span style=\"color: #d25d13;\">INGREDIENTES<\/span><\/strong><\/div>\n<hr \/>\n<p>[\/vc_column_text][vc_column_text]<\/p>\n<div id=\"prodTit\" class=\"noAutoShow entraTextoVideos\"><\/div>\n<div id=\"prodSubTxtList\" class=\"fuente_8 noAutoShow entraTextoVideos\" data-delayapear=\"250\">\n<p style=\"text-align: left;\">Carne de cerdo, prote\u00edna de cerdo, prote\u00edna vegetal, piment\u00f3n, sal, fibras vegetales, dextrina, az\u00facar, dextrosa, especias, estabilizantes (E-450, E-451), antioxidantes E-316, conservadores (E-250, E-252), colorantes (E-120, E-160c). Tratamiento de superficie conservador E-202 y E-235.<\/p>\n<\/div>\n<p>[\/vc_column_text][vc_column_text]<\/p>\n<div id=\"prodTit\" class=\"noAutoShow entraTextoVideos\"><\/div>\n<div id=\"prodSubTit\" class=\"fuente_5 noAutoShow entraTextoVideos\" style=\"text-align: left;\" data-delayapear=\"150\"><strong><span style=\"color: #d25d13;\">INFORMACI\u00d3N NUTRICIONAL<\/span><\/strong><\/div>\n<div class=\"fuente_5 noAutoShow entraTextoVideos\" style=\"text-align: left;\" data-delayapear=\"150\"><strong><span style=\"color: #d25d13;\">(por cada 100 grs.)<\/span><\/strong><\/div>\n<hr \/>\n<p>[\/vc_column_text][vc_column_text]<\/p>\n<table border=\"1px solid #817c7b\" width=\"100%\">\n<tbody>\n<tr>\n<td style=\"text-align: left;\"><span style=\"font-size: 8pt;\"><strong>VALOR<\/strong><\/span><br \/>\n<span style=\"font-size: 8pt;\"><strong>ENERG\u00c9TICO<\/strong><\/span><\/td>\n<td style=\"text-align: right;\"><span style=\"font-size: 8pt;\">1689 kj<\/span><br \/>\n<span style=\"font-size: 8pt;\">408 kcal<\/span><\/td>\n<\/tr>\n<tr>\n<td style=\"text-align: left;\"><span style=\"font-size: 8pt;\"><strong>GRASAS<\/strong><\/span><br \/>\n<span style=\"font-size: 8pt;\">de las cuales Saturadas<\/span><\/td>\n<td style=\"text-align: right;\"><span style=\"font-size: 8pt;\">36 g<\/span><br \/>\n<span style=\"font-size: 8pt;\">15 g<\/span><\/td>\n<\/tr>\n<tr>\n<td style=\"text-align: left;\"><span style=\"font-size: 8pt;\"><strong>HIDRATOS DE CARBONO<\/strong><\/span><br \/>\n<span style=\"font-size: 8pt;\">de los cuales Az\u00facares<\/span><\/td>\n<td style=\"text-align: right;\"><span style=\"font-size: 8pt;\">1,8 g<\/span><br \/>\n<span style=\"font-size: 8pt;\">1,5 g<\/span><\/td>\n<\/tr>\n<tr>\n<td style=\"text-align: left;\"><span style=\"font-size: 8pt;\"><strong>PROTE\u00cdNAS<\/strong><\/span><\/td>\n<td style=\"text-align: right;\"><span style=\"font-size: 8pt;\">19 g<\/span><\/td>\n<\/tr>\n<tr>\n<td style=\"text-align: left;\"><span style=\"font-size: 8pt;\"><strong>SAL<\/strong><\/span><\/td>\n<td style=\"text-align: right;\"><span style=\"font-size: 8pt;\">3,5 g<\/span><\/td>\n<\/tr>\n<\/tbody>\n<\/table>\n<p>[\/vc_column_text][\/vc_column_inner][\/vc_row_inner][\/vc_column][\/vc_row]<\/p>\n","protected":false},"excerpt":{"rendered":"<p>[vc_row full_width=&#8220;stretch_row_content_no_spaces&#8220; bg_type=&#8220;bg_color&#8220; bg_override=&#8220;ex-full&#8220; bg_color_value=&#8220;#faf6ea&#8220; css=&#8220;.vc_custom_1619990124424{margin-bottom: -8% !important;}&#8220;][vc_column width=&#8220;1\/5&#8243; offset=&#8220;vc_hidden-xs&#8220;][\/vc_column][vc_column width=&#8220;4\/5&#8243;][vc_column_text css=&#8220;.vc_custom_1619990665441{margin-top: 5% !important;}&#8220;] SALCHICH\u00d3N EXTRA M\u00c1S NATURAL [\/vc_column_text][vc_column_text css=&#8220;.vc_custom_1618507853043{margin-right: 20% !important;margin-left: 20% !important;}&#8220;] L\u00ednea de productos, elaborada sin al\u00e9rgenos, con la intensidad del sabor m\u00e1s natural [\/vc_column_text][vc_single_image image=&#8220;5453&#8243; img_size=&#8220;full&#8220;<\/p>\n","protected":false},"author":1,"featured_media":0,"parent":0,"menu_order":0,"comment_status":"closed","ping_status":"closed","template":"","meta":[],"_links":{"self":[{"href":"https:\/\/nueva.embutidosortiz.com\/de\/wp-json\/wp\/v2\/pages\/6783"}],"collection":[{"href":"https:\/\/nueva.embutidosortiz.com\/de\/wp-json\/wp\/v2\/pages"}],"about":[{"href":"https:\/\/nueva.embutidosortiz.com\/de\/wp-json\/wp\/v2\/types\/page"}],"author":[{"embeddable":true,"href":"https:\/\/nueva.embutidosortiz.com\/de\/wp-json\/wp\/v2\/users\/1"}],"replies":[{"embeddable":true,"href":"https:\/\/nueva.embutidosortiz.com\/de\/wp-json\/wp\/v2\/comments?post=6783"}],"version-history":[{"count":1,"href":"https:\/\/nueva.embutidosortiz.com\/de\/wp-json\/wp\/v2\/pages\/6783\/revisions"}],"predecessor-version":[{"id":6789,"href":"https:\/\/nueva.embutidosortiz.com\/de\/wp-json\/wp\/v2\/pages\/6783\/revisions\/6789"}],"wp:attachment":[{"href":"https:\/\/nueva.embutidosortiz.com\/de\/wp-json\/wp\/v2\/media?parent=6783"}],"curies":[{"name":"wp","href":"https:\/\/api.w.org\/{rel}","templated":true}]}}