{"id":6760,"date":"2021-04-15T17:35:53","date_gmt":"2021-04-15T17:35:53","guid":{"rendered":"https:\/\/nueva.embutidosortiz.com\/mas-natural-chorizo-extra-pamplona\/"},"modified":"2021-05-06T11:01:53","modified_gmt":"2021-05-06T11:01:53","slug":"mas-natural-chorizo-extra-pamplona","status":"publish","type":"page","link":"https:\/\/nueva.embutidosortiz.com\/de\/mas-natural-chorizo-extra-pamplona\/","title":{"rendered":"M\u00e1s Natural Chorizo Extra Pamplona"},"content":{"rendered":"<p>[vc_row full_width=&#8220;stretch_row_content_no_spaces&#8220; bg_type=&#8220;bg_color&#8220; bg_override=&#8220;ex-full&#8220; bg_color_value=&#8220;#faf6ea&#8220; css=&#8220;.vc_custom_1619989906891{margin-bottom: -8% !important;}&#8220;][vc_column width=&#8220;1\/5&#8243; offset=&#8220;vc_hidden-xs&#8220;]<div class=\"ult_row_spacer\"><div class=\"ult-sticky-anchor\"><div class=\"ult-sticky-section ult-sticky \"  data-stick_behaviour= 'stick_with_scroll_row'  data-sticky_position= 'top' data-mobile='no' data-support='no'>[vc_wp_custommenu nav_menu=&#8220;77&#8243;]<\/div><div class=\"ult-space\"><\/div><\/div><\/div>[\/vc_column][vc_column width=&#8220;4\/5&#8243;][vc_column_text css=&#8220;.vc_custom_1619729394631{margin-top: 5% !important;}&#8220;]<\/p>\n<div id=\"prodTit\" class=\"noAutoShow entraTextoVideos\">\n<h4 class=\"fuente_8\" style=\"text-align: center;\" data-delayapear=\"0\"><span style=\"font-family: 'Playfair Display'; font-size: 2.5em; font-weight: light;\">CHORIZO EXTRA PAMPLONA<\/span><\/h4>\n<\/div>\n<div id=\"prodSubTit\" class=\"fuente_5 noAutoShow entraTextoVideos\" style=\"text-align: center;\" data-delayapear=\"150\"><span style=\"color: #d25d13; letter-spacing: 0.1em;\">M\u00c1S NATURAL<\/span><\/div>\n<p>[\/vc_column_text][vc_column_text css=&#8220;.vc_custom_1619729408988{margin-right: 20% !important;margin-left: 20% !important;}&#8220;]<\/p>\n<div id=\"prodTit\" class=\"noAutoShow entraTextoVideos\"><\/div>\n<div id=\"prodSubTxtList\" class=\"fuente_8 noAutoShow entraTextoVideos\" data-delayapear=\"250\">\n<p style=\"text-align: center; font-family: 'Playfair Display';\">Las prote\u00ednas son necesarias para el normal crecimiento y desarrollo de los huesos en los ni\u00f1os.<\/p>\n<\/div>\n<p>[\/vc_column_text][vc_single_image image=&#8220;6761&#8243; img_size=&#8220;full&#8220; alignment=&#8220;center&#8220;][vc_row_inner css=&#8220;.vc_custom_1619729519461{margin-right: 5% !important;}&#8220;][vc_column_inner width=&#8220;1\/3&#8243; css=&#8220;.vc_custom_1619989916841{margin-left: 2% !important;}&#8220;][vc_column_text]<\/p>\n<div id=\"prodSubTit\" class=\"fuente_5 noAutoShow entraTextoVideos\" style=\"text-align: left;\" data-delayapear=\"150\"><strong><span style=\"color: #d25d13;\">ELABORACI\u00d3N<\/span><\/strong><\/div>\n<hr \/>\n<p>[\/vc_column_text][vc_column_text]<\/p>\n<div id=\"prodTit\" class=\"noAutoShow entraTextoVideos\"><\/div>\n<div id=\"prodSubTxtList\" class=\"fuente_8 noAutoShow entraTextoVideos\" data-delayapear=\"250\">\n<p style=\"text-align: left;\">El Chorizo Extra Pamplona Ortiz M\u00e1s Natural se elabora sin gluten, sin colorantes artificiales y sin al\u00e9rgenos.<\/p>\n<\/div>\n<p>[\/vc_column_text][vc_column_text]<\/p>\n<div id=\"prodSubTit\" class=\"fuente_5 noAutoShow entraTextoVideos\" style=\"text-align: left;\" data-delayapear=\"150\"><strong><span style=\"color: #d25d13;\">CONSUMO<\/span><\/strong><\/div>\n<hr \/>\n<p>[\/vc_column_text][vc_column_text]<\/p>\n<div id=\"prodTit\" class=\"noAutoShow entraTextoVideos\"><\/div>\n<div id=\"prodSubTxtList\" class=\"fuente_8 noAutoShow entraTextoVideos\" data-delayapear=\"250\">\n<p style=\"text-align: left;\">Ha protagonizado infinitos bocadillos escolares y sigue siendo el preferido de los m\u00e1s peque\u00f1os para la merienda.<\/p>\n<\/div>\n<p>[\/vc_column_text][\/vc_column_inner][vc_column_inner width=&#8220;1\/3&#8243;][vc_column_text css=&#8220;.vc_custom_1619729532970{margin-right: 5% !important;margin-left: 5% !important;}&#8220;]<\/p>\n<div id=\"prodSubTit\" class=\"fuente_5 noAutoShow entraTextoVideos\" style=\"text-align: center;\" data-delayapear=\"150\"><strong><span style=\"color: #d25d13;\">PRESENTACI\u00d3N<\/span><\/strong><\/div>\n<hr \/>\n<p>[\/vc_column_text][vc_single_image image=&#8220;5451&#8243; img_size=&#8220;full&#8220; alignment=&#8220;center&#8220; css=&#8220;.vc_custom_1618508150709{margin-top: 3% !important;}&#8220;][\/vc_column_inner][vc_column_inner width=&#8220;1\/3&#8243; css=&#8220;.vc_custom_1619989925337{margin-left: 2% !important;}&#8220;][vc_column_text]<\/p>\n<div id=\"prodSubTit\" class=\"fuente_5 noAutoShow entraTextoVideos\" style=\"text-align: left;\" data-delayapear=\"150\"><strong><span style=\"color: #d25d13;\">INGREDIENTES<\/span><\/strong><\/div>\n<hr \/>\n<p>[\/vc_column_text][vc_column_text]<\/p>\n<div id=\"prodTit\" class=\"noAutoShow entraTextoVideos\"><\/div>\n<div id=\"prodSubTxtList\" class=\"fuente_8 noAutoShow entraTextoVideos\" data-delayapear=\"250\">\n<div id=\"ingredientes\">\n<p class=\"cata_cont hypenado\">Carne de cerdo, sal, prote\u00edna vegetal, az\u00facares (az\u00facar, dextrosa), dextrina, especias, aroma de carne, estabilizantes (E-450, E-451), potenciador del sabor (E-621), antioxidante (E-301), conservador (E-250), colorante (E-120). Tratamiento de superficie conservador E-202 y E-235.<\/p>\n<\/div>\n<\/div>\n<p>[\/vc_column_text][vc_column_text]<\/p>\n<div id=\"prodTit\" class=\"noAutoShow entraTextoVideos\"><\/div>\n<div id=\"prodSubTit\" class=\"fuente_5 noAutoShow entraTextoVideos\" style=\"text-align: left;\" data-delayapear=\"150\"><strong><span style=\"color: #d25d13;\">INFORMACI\u00d3N NUTRICIONAL<\/span><\/strong><\/div>\n<div class=\"fuente_5 noAutoShow entraTextoVideos\" style=\"text-align: left;\" data-delayapear=\"150\"><strong><span style=\"color: #d25d13;\">(por cada 100 grs.)<\/span><\/strong><\/div>\n<hr \/>\n<p>[\/vc_column_text][vc_column_text]<\/p>\n<table border=\"1px solid #817c7b\" width=\"100%\">\n<tbody>\n<tr>\n<td style=\"text-align: left;\"><span style=\"font-size: 8pt;\"><strong>VALOR<\/strong><\/span><br \/>\n<span style=\"font-size: 8pt;\"><strong>ENERG\u00c9TICO<\/strong><\/span><\/td>\n<td style=\"text-align: right;\"><span style=\"font-size: 8pt;\">1539 kj<\/span><br \/>\n<span style=\"font-size: 8pt;\">372 kcal<\/span><\/td>\n<\/tr>\n<tr>\n<td style=\"text-align: left;\"><span style=\"font-size: 8pt;\"><strong>GRASAS<\/strong><\/span><br \/>\n<span style=\"font-size: 8pt;\">de las cuales Saturadas<\/span><\/td>\n<td style=\"text-align: right;\"><span style=\"font-size: 8pt;\">32 g<\/span><br \/>\n<span style=\"font-size: 8pt;\">13 g<\/span><\/td>\n<\/tr>\n<tr>\n<td style=\"text-align: left;\"><span style=\"font-size: 8pt;\"><strong>HIDRATOS DE CARBONO<\/strong><\/span><br \/>\n<span style=\"font-size: 8pt;\">de los cuales Az\u00facares<\/span><\/td>\n<td style=\"text-align: right;\"><span style=\"font-size: 8pt;\">2,2 g<\/span><br \/>\n<span style=\"font-size: 8pt;\">2,0 g<\/span><\/td>\n<\/tr>\n<tr>\n<td style=\"text-align: left;\"><span style=\"font-size: 8pt;\"><strong>PROTE\u00cdNAS<\/strong><\/span><\/td>\n<td style=\"text-align: right;\"><span style=\"font-size: 8pt;\">19 g<\/span><\/td>\n<\/tr>\n<tr>\n<td style=\"text-align: left;\"><span style=\"font-size: 8pt;\"><strong>SAL<\/strong><\/span><\/td>\n<td style=\"text-align: right;\"><span style=\"font-size: 8pt;\">3,5 g<\/span><\/td>\n<\/tr>\n<\/tbody>\n<\/table>\n<p>[\/vc_column_text][\/vc_column_inner][\/vc_row_inner][\/vc_column][\/vc_row]<\/p>\n","protected":false},"excerpt":{"rendered":"<p>[vc_row full_width=&#8220;stretch_row_content_no_spaces&#8220; bg_type=&#8220;bg_color&#8220; bg_override=&#8220;ex-full&#8220; bg_color_value=&#8220;#faf6ea&#8220; css=&#8220;.vc_custom_1619989906891{margin-bottom: -8% !important;}&#8220;][vc_column width=&#8220;1\/5&#8243; offset=&#8220;vc_hidden-xs&#8220;][\/vc_column][vc_column width=&#8220;4\/5&#8243;][vc_column_text css=&#8220;.vc_custom_1619729394631{margin-top: 5% !important;}&#8220;] CHORIZO EXTRA PAMPLONA M\u00c1S NATURAL [\/vc_column_text][vc_column_text css=&#8220;.vc_custom_1619729408988{margin-right: 20% !important;margin-left: 20% !important;}&#8220;] Las prote\u00ednas son necesarias para el normal crecimiento y desarrollo de los huesos en los<\/p>\n","protected":false},"author":1,"featured_media":0,"parent":0,"menu_order":0,"comment_status":"closed","ping_status":"closed","template":"","meta":[],"_links":{"self":[{"href":"https:\/\/nueva.embutidosortiz.com\/de\/wp-json\/wp\/v2\/pages\/6760"}],"collection":[{"href":"https:\/\/nueva.embutidosortiz.com\/de\/wp-json\/wp\/v2\/pages"}],"about":[{"href":"https:\/\/nueva.embutidosortiz.com\/de\/wp-json\/wp\/v2\/types\/page"}],"author":[{"embeddable":true,"href":"https:\/\/nueva.embutidosortiz.com\/de\/wp-json\/wp\/v2\/users\/1"}],"replies":[{"embeddable":true,"href":"https:\/\/nueva.embutidosortiz.com\/de\/wp-json\/wp\/v2\/comments?post=6760"}],"version-history":[{"count":1,"href":"https:\/\/nueva.embutidosortiz.com\/de\/wp-json\/wp\/v2\/pages\/6760\/revisions"}],"predecessor-version":[{"id":6767,"href":"https:\/\/nueva.embutidosortiz.com\/de\/wp-json\/wp\/v2\/pages\/6760\/revisions\/6767"}],"wp:attachment":[{"href":"https:\/\/nueva.embutidosortiz.com\/de\/wp-json\/wp\/v2\/media?parent=6760"}],"curies":[{"name":"wp","href":"https:\/\/api.w.org\/{rel}","templated":true}]}}