{"id":6498,"date":"2021-05-06T04:18:41","date_gmt":"2021-05-06T04:18:41","guid":{"rendered":"https:\/\/nueva.embutidosortiz.com\/100-natural-chorizo-barbacoa-mini\/"},"modified":"2021-05-06T08:00:49","modified_gmt":"2021-05-06T08:00:49","slug":"100-natural-chorizo-barbacoa-mini","status":"publish","type":"page","link":"https:\/\/nueva.embutidosortiz.com\/de\/100-natural-chorizo-barbacoa-mini\/","title":{"rendered":"100% Natural Chorizo Barbacoa Mini"},"content":{"rendered":"<p>[vc_row full_width=&#8220;stretch_row_content_no_spaces&#8220; bg_type=&#8220;bg_color&#8220; bg_override=&#8220;ex-full&#8220; bg_color_value=&#8220;#faf6ea&#8220; css=&#8220;.vc_custom_1619991142370{margin-bottom: -8% !important;}&#8220;][vc_column width=&#8220;1\/5&#8243; offset=&#8220;vc_hidden-xs&#8220;]<div class=\"ult_row_spacer\"><div class=\"ult-sticky-anchor\"><div class=\"ult-sticky-section ult-sticky \"  data-stick_behaviour= 'stick_with_scroll_row'  data-sticky_position= 'top' data-mobile='no' data-support='no'>[vc_wp_custommenu nav_menu=&#8220;77&#8243;]<\/div><div class=\"ult-space\"><\/div><\/div><\/div>[\/vc_column][vc_column width=&#8220;4\/5&#8243;][vc_column_text css=&#8220;.vc_custom_1619731053117{margin-top: 5% !important;}&#8220;]<\/p>\n<div id=\"prodTit\" class=\"noAutoShow entraTextoVideos\">\n<h4 class=\"fuente_8\" style=\"text-align: center;\" data-delayapear=\"0\"><span style=\"font-family: 'Playfair Display'; font-size: 2.5em; font-weight: light;\">CHORIZO BARBACOA MINI<\/span><\/h4>\n<\/div>\n<div id=\"prodSubTit\" class=\"fuente_5 noAutoShow entraTextoVideos\" style=\"text-align: center;\" data-delayapear=\"150\"><span style=\"color: #d25d13; letter-spacing: 0.1em;\">100% NATURAL<\/span><\/div>\n<p>[\/vc_column_text][vc_column_text css=&#8220;.vc_custom_1619731063722{margin-right: 20% !important;margin-left: 20% !important;}&#8220;]<\/p>\n<div id=\"prodTit\" class=\"noAutoShow entraTextoVideos\"><\/div>\n<div id=\"prodSubTxtList\" class=\"fuente_8 noAutoShow entraTextoVideos\" data-delayapear=\"250\">\n<p style=\"text-align: center; font-family: 'Playfair Display';\">La aut\u00e9ntica receta tradicional sin aditivos artificiales y sin al\u00e9rgenos, elaborada a partir de ingredientes 100% naturales.<\/p>\n<\/div>\n<p>[\/vc_column_text][vc_single_image image=&#8220;5472&#8243; img_size=&#8220;full&#8220; alignment=&#8220;center&#8220;][vc_row_inner css=&#8220;.vc_custom_1619731129475{margin-right: 5% !important;}&#8220;][vc_column_inner width=&#8220;1\/3&#8243; css=&#8220;.vc_custom_1619991152137{margin-left: 2% !important;}&#8220;][vc_column_text]<\/p>\n<div id=\"prodSubTit\" class=\"fuente_5 noAutoShow entraTextoVideos\" style=\"text-align: left;\" data-delayapear=\"150\"><strong><span style=\"color: #d25d13;\">ELABORACI\u00d3N<\/span><\/strong><\/div>\n<hr \/>\n<p>[\/vc_column_text][vc_column_text]<\/p>\n<div id=\"prodTit\" class=\"noAutoShow entraTextoVideos\"><\/div>\n<div id=\"prodSubTxtList\" class=\"fuente_8 noAutoShow entraTextoVideos\" data-delayapear=\"250\">\n<p style=\"text-align: left;\">El Chorizo Barbacoa Mini Ortiz destaca por su carne jugosa aderezada con las mejores especias.<\/p>\n<\/div>\n<p>[\/vc_column_text][vc_column_text]<\/p>\n<div id=\"prodSubTit\" class=\"fuente_5 noAutoShow entraTextoVideos\" style=\"text-align: left;\" data-delayapear=\"150\"><strong><span style=\"color: #d25d13;\">CONSUMO<\/span><\/strong><\/div>\n<hr \/>\n<p>[\/vc_column_text][vc_column_text]<\/p>\n<div id=\"prodTit\" class=\"noAutoShow entraTextoVideos\"><\/div>\n<div id=\"prodSubTxtList\" class=\"fuente_8 noAutoShow entraTextoVideos\" data-delayapear=\"250\">\n<p style=\"text-align: left;\">Mini bocados llenos de sabor. Recetas jugosas e ideales para aperitivos, cazuelitas y entremeses calientes.<\/p>\n<\/div>\n<p>[\/vc_column_text][\/vc_column_inner][vc_column_inner width=&#8220;1\/3&#8243;][vc_column_text css=&#8220;.vc_custom_1619731144395{margin-right: 5% !important;margin-left: 5% !important;}&#8220;]<\/p>\n<div id=\"prodSubTit\" class=\"fuente_5 noAutoShow entraTextoVideos\" style=\"text-align: center;\" data-delayapear=\"150\"><strong><span style=\"color: #d25d13;\">PRESENTACI\u00d3N<\/span><\/strong><\/div>\n<hr \/>\n<p>[\/vc_column_text][vc_single_image image=&#8220;6477&#8243; img_size=&#8220;full&#8220; alignment=&#8220;center&#8220; css=&#8220;.vc_custom_1618509687087{margin-top: 3% !important;}&#8220;][\/vc_column_inner][vc_column_inner width=&#8220;1\/3&#8243; css=&#8220;.vc_custom_1619991160491{margin-left: 2% !important;}&#8220;][vc_column_text]<\/p>\n<div id=\"prodSubTit\" class=\"fuente_5 noAutoShow entraTextoVideos\" style=\"text-align: left;\" data-delayapear=\"150\"><strong><span style=\"color: #d25d13;\">INGREDIENTES<\/span><\/strong><\/div>\n<hr \/>\n<p>[\/vc_column_text][vc_column_text]<\/p>\n<div id=\"prodTit\" class=\"noAutoShow entraTextoVideos\"><\/div>\n<div id=\"prodSubTxtList\" class=\"fuente_8 noAutoShow entraTextoVideos\" data-delayapear=\"250\">\n<p style=\"text-align: left;\">Carne de cerdo, piment\u00f3n, sal, az\u00facar, especias, LACTOSA, prote\u00edna de LECHE, prote\u00edna de SOJA, dextrina, estabilizador (E-450), antioxidante (E-300), conservador (E-250). Tripa natural de cerdo.<\/p>\n<\/div>\n<p>[\/vc_column_text][vc_column_text]<\/p>\n<div id=\"prodTit\" class=\"noAutoShow entraTextoVideos\"><\/div>\n<div id=\"prodSubTit\" class=\"fuente_5 noAutoShow entraTextoVideos\" style=\"text-align: left;\" data-delayapear=\"150\"><strong><span style=\"color: #d25d13;\">INFORMACI\u00d3N NUTRICIONAL<\/span><\/strong><\/div>\n<div class=\"fuente_5 noAutoShow entraTextoVideos\" style=\"text-align: left;\" data-delayapear=\"150\"><strong><span style=\"color: #d25d13;\">(por cada 100 grs.)<\/span><\/strong><\/div>\n<hr \/>\n<p>[\/vc_column_text][vc_column_text]<\/p>\n<table border=\"1px solid #817c7b\" width=\"100%\">\n<tbody>\n<tr>\n<td style=\"text-align: left;\"><span style=\"font-size: 8pt;\"><strong>VALOR<\/strong><\/span><br \/>\n<span style=\"font-size: 8pt;\"><strong>ENERG\u00c9TICO<\/strong><\/span><\/td>\n<td style=\"text-align: right;\"><span style=\"font-size: 8pt;\">1565 kj<\/span><br \/>\n<span style=\"font-size: 8pt;\">379 kcal<\/span><\/td>\n<\/tr>\n<tr>\n<td style=\"text-align: left;\"><span style=\"font-size: 8pt;\"><strong>GRASAS<\/strong><\/span><br \/>\n<span style=\"font-size: 8pt;\">de las cuales Saturadas<\/span><\/td>\n<td style=\"text-align: right;\"><span style=\"font-size: 8pt;\">35 g<\/span><br \/>\n<span style=\"font-size: 8pt;\">15 g<\/span><\/td>\n<\/tr>\n<tr>\n<td style=\"text-align: left;\"><span style=\"font-size: 8pt;\"><strong>HIDRATOS DE CARBONO<\/strong><\/span><br \/>\n<span style=\"font-size: 8pt;\">de los cuales Az\u00facares<\/span><\/td>\n<td style=\"text-align: right;\"><span style=\"font-size: 8pt;\">1,1 g<\/span><br \/>\n<span style=\"font-size: 8pt;\">0,9 g<\/span><\/td>\n<\/tr>\n<tr>\n<td style=\"text-align: left;\"><span style=\"font-size: 8pt;\"><strong>PROTE\u00cdNAS<\/strong><\/span><\/td>\n<td style=\"text-align: right;\"><span style=\"font-size: 8pt;\">14 g<\/span><\/td>\n<\/tr>\n<tr>\n<td style=\"text-align: left;\"><span style=\"font-size: 8pt;\"><strong>SAL<\/strong><\/span><\/td>\n<td style=\"text-align: right;\"><span style=\"font-size: 8pt;\">2,2 g<\/span><\/td>\n<\/tr>\n<\/tbody>\n<\/table>\n<p>[\/vc_column_text][\/vc_column_inner][\/vc_row_inner][\/vc_column][\/vc_row]<\/p>\n","protected":false},"excerpt":{"rendered":"<p>[vc_row full_width=&#8220;stretch_row_content_no_spaces&#8220; bg_type=&#8220;bg_color&#8220; bg_override=&#8220;ex-full&#8220; bg_color_value=&#8220;#faf6ea&#8220; css=&#8220;.vc_custom_1619991142370{margin-bottom: -8% !important;}&#8220;][vc_column width=&#8220;1\/5&#8243; offset=&#8220;vc_hidden-xs&#8220;][\/vc_column][vc_column width=&#8220;4\/5&#8243;][vc_column_text css=&#8220;.vc_custom_1619731053117{margin-top: 5% !important;}&#8220;] CHORIZO BARBACOA MINI 100% NATURAL [\/vc_column_text][vc_column_text css=&#8220;.vc_custom_1619731063722{margin-right: 20% !important;margin-left: 20% !important;}&#8220;] La aut\u00e9ntica receta tradicional sin aditivos artificiales y sin al\u00e9rgenos, elaborada a partir de ingredientes<\/p>\n","protected":false},"author":2,"featured_media":0,"parent":0,"menu_order":0,"comment_status":"closed","ping_status":"closed","template":"","meta":[],"_links":{"self":[{"href":"https:\/\/nueva.embutidosortiz.com\/de\/wp-json\/wp\/v2\/pages\/6498"}],"collection":[{"href":"https:\/\/nueva.embutidosortiz.com\/de\/wp-json\/wp\/v2\/pages"}],"about":[{"href":"https:\/\/nueva.embutidosortiz.com\/de\/wp-json\/wp\/v2\/types\/page"}],"author":[{"embeddable":true,"href":"https:\/\/nueva.embutidosortiz.com\/de\/wp-json\/wp\/v2\/users\/2"}],"replies":[{"embeddable":true,"href":"https:\/\/nueva.embutidosortiz.com\/de\/wp-json\/wp\/v2\/comments?post=6498"}],"version-history":[{"count":1,"href":"https:\/\/nueva.embutidosortiz.com\/de\/wp-json\/wp\/v2\/pages\/6498\/revisions"}],"predecessor-version":[{"id":6501,"href":"https:\/\/nueva.embutidosortiz.com\/de\/wp-json\/wp\/v2\/pages\/6498\/revisions\/6501"}],"wp:attachment":[{"href":"https:\/\/nueva.embutidosortiz.com\/de\/wp-json\/wp\/v2\/media?parent=6498"}],"curies":[{"name":"wp","href":"https:\/\/api.w.org\/{rel}","templated":true}]}}