{"id":6453,"date":"2021-04-18T18:25:08","date_gmt":"2021-04-18T18:25:08","guid":{"rendered":"https:\/\/nueva.embutidosortiz.com\/calidad-e-innovacion\/"},"modified":"2021-05-05T04:25:58","modified_gmt":"2021-05-05T04:25:58","slug":"calidad-e-innovacion","status":"publish","type":"page","link":"https:\/\/nueva.embutidosortiz.com\/de\/calidad-e-innovacion\/","title":{"rendered":"Calidad e innovaci\u00f3n"},"content":{"rendered":"<p>[vc_row full_width=&#8220;stretch_row_content&#8220; full_height=&#8220;yes&#8220; content_placement=&#8220;middle&#8220; parallax=&#8220;content-moving&#8220; parallax_image=&#8220;5618&#8243; content_text_alignment=&#8220;center&#8220;][vc_column][vc_column_text]<\/p>\n<h1 style=\"text-align: center; color: #ffffff;\"><span style=\"font-family: 'Playfair Display'; font-size: 2.5em; font-weight: light;\">CALIDAD E<\/span><br \/>\n<span style=\"font-family: 'Playfair Display'; font-size: 2.5em; font-weight: light;\">INNOVACI\u00d3N<\/span><\/h1>\n<p>[\/vc_column_text][vc_separator color=&#8220;white&#8220; el_width=&#8220;10&#8243; css=&#8220;.vc_custom_1617808503948{margin-top: -2% !important;}&#8220;][vc_column_text]<\/p>\n<h1 style=\"text-align: center; font-size: 1.0em;\"><span style=\"color: #ffffff; font-family: 'Playfair Display';\">Nuevos tiempos, nuevos sabores, nuevo compromiso<\/span><\/h1>\n<p>[\/vc_column_text][\/vc_column][\/vc_row][vc_row full_width=&#8220;stretch_row_content_no_spaces&#8220; bg_type=&#8220;bg_color&#8220; bg_color_value=&#8220;#faf6ea&#8220;][vc_column][vc_column_text]<\/p>\n<p style=\"text-align: center;\">CALIDAD<\/p>\n<p>[\/vc_column_text][vc_column_text]<\/p>\n<p style=\"text-align: center;\"><span style=\"font-family: 'Playfair Display'; font-size: 2.5em; font-weight: light;\">SABER HACER<\/span><\/p>\n<p>[\/vc_column_text][vc_column_text]<\/p>\n<p style=\"text-align: center;\"><span style=\"color: #557c8b;\">Una calidad que se vive.<\/span><\/p>\n<p>[\/vc_column_text][vc_row_inner][vc_column_inner width=&#8220;1\/6&#8243;][\/vc_column_inner][vc_column_inner width=&#8220;2\/3&#8243;][vc_column_text]<\/p>\n<p style=\"text-align: center;\">Para Embutidos Ortiz la calidad es una filosof\u00eda de trabajo, basada en el cuidado y control de cada uno de nuestros procesos, en la confianza de nuestros colaboradores y la propuesta de valor a los clientes y consumidores. Nuestro proceso est\u00e1 en continuo estudio de mejora, controlamos y solicitamos las garant\u00edas de bienestar animal, de legalidad, calidad y seguridad e higiene alimentaria.<\/p>\n<p>[\/vc_column_text][\/vc_column_inner][vc_column_inner width=&#8220;1\/6&#8243;][\/vc_column_inner][\/vc_row_inner][vc_row_inner gap=&#8220;30&#8243; css=&#8220;.vc_custom_1618771422694{margin-right: 5% !important;margin-left: 5% !important;}&#8220;][vc_column_inner width=&#8220;1\/4&#8243;][vc_column_text]<\/p>\n<p style=\"text-align: center;\"><span style=\"color: #d25d13; letter-spacing: 0.1em;\"><strong>CALIDAD<\/strong><\/span><\/p>\n<p>[\/vc_column_text][vc_single_image image=&#8220;5622&#8243; img_size=&#8220;full&#8220; alignment=&#8220;center&#8220;][vc_column_text]<\/p>\n<p style=\"text-align: center;\">La gesti\u00f3n de nuestros procesos y sistemas de homologaci\u00f3n nos permiten garantizar, desde la granja hasta la tienda, una <span style=\"color: #d25d13;\">total trazabilidad<\/span>.<\/p>\n<p>[\/vc_column_text][\/vc_column_inner][vc_column_inner width=&#8220;1\/4&#8243;][vc_column_text]<\/p>\n<p style=\"text-align: center;\"><span style=\"color: #d25d13; letter-spacing: 0.1em;\"><strong>FORMACI\u00d3N<\/strong><\/span><\/p>\n<p>[\/vc_column_text][vc_single_image image=&#8220;5623&#8243; img_size=&#8220;full&#8220; alignment=&#8220;center&#8220;][vc_column_text]<\/p>\n<p style=\"text-align: center;\"><span style=\"color: #d25d13;\">Plan de Formaci\u00f3n y Sensibilizaci\u00f3n contin\u00faa<\/span>. Personalizamos la oferta y la evoluci\u00f3n formativa a las necesidades de nuestras \u00e1reas de trabajo y nuestro personal.<\/p>\n<p>[\/vc_column_text][\/vc_column_inner][vc_column_inner width=&#8220;1\/4&#8243;][vc_column_text]<\/p>\n<p style=\"text-align: center;\"><span style=\"color: #d25d13; letter-spacing: 0.1em;\"><strong>TECNOLOG\u00cdA<\/strong><\/span><\/p>\n<p>[\/vc_column_text][vc_single_image image=&#8220;5624&#8243; img_size=&#8220;full&#8220; alignment=&#8220;center&#8220;][vc_column_text]<\/p>\n<p style=\"text-align: center;\"><span style=\"color: #d25d13;\">Tecnolog\u00eda punta<\/span>.<br \/>\nConstante actualizaci\u00f3n y ampliaci\u00f3n de equipos e instalaciones para ganar eficiencia y poder satisfacer la demanda del consumidor.<\/p>\n<p>[\/vc_column_text][\/vc_column_inner][vc_column_inner width=&#8220;1\/4&#8243;][vc_column_text]<\/p>\n<p style=\"text-align: center;\"><span style=\"color: #d25d13; letter-spacing: 0.1em;\"><strong>EQUIPO HUMANO<\/strong><\/span><\/p>\n<p>[\/vc_column_text][vc_single_image image=&#8220;5625&#8243; img_size=&#8220;full&#8220; alignment=&#8220;center&#8220;][vc_column_text]<\/p>\n<p style=\"text-align: center;\">Cada miembro participa en el <span style=\"color: #d25d13;\">Comit\u00e9 de mejora continua\u00a0<\/span>aportando su visi\u00f3n para la misi\u00f3n com\u00fan. La cooperaci\u00f3n, compromiso y cualificaci\u00f3n de todo el equipo es un activo de gran valor.<\/p>\n<p>[\/vc_column_text][\/vc_column_inner][\/vc_row_inner][vc_row_inner][vc_column_inner][vc_separator color=&#8220;black&#8220; el_width=&#8220;90&#8243;][\/vc_column_inner][\/vc_row_inner][vc_row_inner][vc_column_inner width=&#8220;1\/4&#8243;][\/vc_column_inner][vc_column_inner width=&#8220;1\/4&#8243;][vc_single_image image=&#8220;5626&#8243; img_size=&#8220;full&#8220; alignment=&#8220;center&#8220;][vc_column_text]<\/p>\n<p style=\"text-align: center;\"><a href=\"https:\/\/nueva.embutidosortiz.com\/wp-content\/uploads\/2021\/04\/certificado-ifs-embutidos-ortiz.pdf\" target=\"_blank\" rel=\"noopener\"><strong>DESCARGAR PDF<\/strong><\/a><\/p>\n<p>[\/vc_column_text][vc_single_image image=&#8220;5627&#8243; img_size=&#8220;full&#8220; alignment=&#8220;center&#8220;][\/vc_column_inner][vc_column_inner width=&#8220;1\/4&#8243;][vc_column_text]Nuestro sistema de elaboraci\u00f3n incide en la calidad y la seguridad alimentaria. As\u00ed lo acreditan nuestras altas calificaciones en las <span class=\"naranja\" style=\"color: #d25d13;\">Certificaciones de Calidad<\/span> con los est\u00e1ndares m\u00e1s exigentes a nivel internacional.[\/vc_column_text][\/vc_column_inner][vc_column_inner width=&#8220;1\/4&#8243;][\/vc_column_inner][\/vc_row_inner][vc_separator color=&#8220;black&#8220; el_width=&#8220;90&#8243;][\/vc_column][\/vc_row][vc_row full_width=&#8220;stretch_row&#8220; bg_type=&#8220;bg_color&#8220; bg_color_value=&#8220;#faf6ea&#8220;][vc_column width=&#8220;1\/3&#8243;][vc_column_text]<\/p>\n<p style=\"text-align: center;\">I + D + i<\/p>\n<p>[\/vc_column_text][vc_column_text]<\/p>\n<p style=\"text-align: center;\"><span style=\"font-family: 'Playfair Display'; font-size: 2.5em; font-weight: light;\">QUERER HACER<\/span><\/p>\n<p>[\/vc_column_text][vc_column_text]<\/p>\n<p style=\"text-align: center;\"><span style=\"color: #557c8b;\">Garantizamos la calidad y la seguridad alimentaria, adem\u00e1s de buscar siempre ofrecerte m\u00e1s valor.<\/span><\/p>\n<p>[\/vc_column_text][vc_column_text]Nos esforzamos en investigar, en desarrollar productos con un nuevo punto de vista e innovar para estar a la altura de las expectativas del consumidor. Nuevos sabores, nuevas presentaciones, nuevos productos diferenciados que despierten la curiosidad de los paladares m\u00e1s exquisitos.[\/vc_column_text][\/vc_column][vc_column width=&#8220;2\/3&#8243;][vc_single_image image=&#8220;5635&#8243; img_size=&#8220;full&#8220;][\/vc_column][\/vc_row][vc_row full_width=&#8220;stretch_row&#8220; bg_type=&#8220;bg_color&#8220; bg_color_value=&#8220;#faf6ea&#8220; css=&#8220;.vc_custom_1618773283361{margin-bottom: -3.1% !important;}&#8220;][vc_column width=&#8220;2\/3&#8243;][vc_single_image image=&#8220;5640&#8243; img_size=&#8220;full&#8220;][\/vc_column][vc_column width=&#8220;1\/3&#8243;][vc_column_text]<\/p>\n<p style=\"text-align: center;\">I + D + i<\/p>\n<p>[\/vc_column_text][vc_column_text]<\/p>\n<p style=\"text-align: center;\"><span style=\"font-family: 'Playfair Display'; font-size: 2.5em; font-weight: light;\">MISI\u00d3N Y VISI\u00d3N<br \/>\n<\/span><\/p>\n<p>[\/vc_column_text][vc_column_text]<\/p>\n<p style=\"text-align: center;\"><span style=\"color: #557c8b;\">Nuestro departamento de Gesti\u00f3n de Calidad se adapta a los nuevos tiempos en consonancia con nuestra misi\u00f3n y visi\u00f3n focalizada en la evoluci\u00f3n.<\/span><\/p>\n<p>[\/vc_column_text][vc_column_text]Pensamos en las personas y en sus nuevos h\u00e1bitos de consumo, con una l\u00ednea en I+D+i. Es el futuro de la industria c\u00e1rnica y el futuro de una marca familiar. Es lo que queremos en <span class=\"noSepara\">Embutidos Ortiz<\/span>, con un nuevo enfoque comercial y un prop\u00f3sito de satisfacci\u00f3n y reconocimiento desde La Rioja al resto del mundo.[\/vc_column_text][\/vc_column][\/vc_row]<\/p>\n","protected":false},"excerpt":{"rendered":"<p>[vc_row full_width=&#8220;stretch_row_content&#8220; full_height=&#8220;yes&#8220; content_placement=&#8220;middle&#8220; parallax=&#8220;content-moving&#8220; parallax_image=&#8220;5618&#8243; content_text_alignment=&#8220;center&#8220;][vc_column][vc_column_text] CALIDAD E INNOVACI\u00d3N [\/vc_column_text][vc_separator color=&#8220;white&#8220; el_width=&#8220;10&#8243; css=&#8220;.vc_custom_1617808503948{margin-top: -2% !important;}&#8220;][vc_column_text] Nuevos tiempos, nuevos sabores, nuevo compromiso [\/vc_column_text][\/vc_column][\/vc_row][vc_row full_width=&#8220;stretch_row_content_no_spaces&#8220; bg_type=&#8220;bg_color&#8220; bg_color_value=&#8220;#faf6ea&#8220;][vc_column][vc_column_text] CALIDAD [\/vc_column_text][vc_column_text] SABER HACER [\/vc_column_text][vc_column_text] Una calidad que se vive. [\/vc_column_text][vc_row_inner][vc_column_inner width=&#8220;1\/6&#8243;][\/vc_column_inner][vc_column_inner width=&#8220;2\/3&#8243;][vc_column_text] Para<\/p>\n","protected":false},"author":1,"featured_media":0,"parent":0,"menu_order":0,"comment_status":"closed","ping_status":"closed","template":"","meta":[],"_links":{"self":[{"href":"https:\/\/nueva.embutidosortiz.com\/de\/wp-json\/wp\/v2\/pages\/6453"}],"collection":[{"href":"https:\/\/nueva.embutidosortiz.com\/de\/wp-json\/wp\/v2\/pages"}],"about":[{"href":"https:\/\/nueva.embutidosortiz.com\/de\/wp-json\/wp\/v2\/types\/page"}],"author":[{"embeddable":true,"href":"https:\/\/nueva.embutidosortiz.com\/de\/wp-json\/wp\/v2\/users\/1"}],"replies":[{"embeddable":true,"href":"https:\/\/nueva.embutidosortiz.com\/de\/wp-json\/wp\/v2\/comments?post=6453"}],"version-history":[{"count":1,"href":"https:\/\/nueva.embutidosortiz.com\/de\/wp-json\/wp\/v2\/pages\/6453\/revisions"}],"predecessor-version":[{"id":6457,"href":"https:\/\/nueva.embutidosortiz.com\/de\/wp-json\/wp\/v2\/pages\/6453\/revisions\/6457"}],"wp:attachment":[{"href":"https:\/\/nueva.embutidosortiz.com\/de\/wp-json\/wp\/v2\/media?parent=6453"}],"curies":[{"name":"wp","href":"https:\/\/api.w.org\/{rel}","templated":true}]}}