{"id":6440,"date":"2021-05-05T04:09:21","date_gmt":"2021-05-05T04:09:21","guid":{"rendered":"https:\/\/nueva.embutidosortiz.com\/historia\/"},"modified":"2021-05-05T04:09:38","modified_gmt":"2021-05-05T04:09:38","slug":"historia","status":"publish","type":"page","link":"https:\/\/nueva.embutidosortiz.com\/de\/historia\/","title":{"rendered":"Historia"},"content":{"rendered":"<p>[vc_row full_width=&#8220;stretch_row_content&#8220; full_height=&#8220;yes&#8220; content_placement=&#8220;middle&#8220; parallax=&#8220;content-moving&#8220; parallax_image=&#8220;5575&#8243; content_text_alignment=&#8220;center&#8220;][vc_column][vc_column_text]<\/p>\n<h1 style=\"text-align: center; color: #ffffff;\"><span style=\"font-family: 'Playfair Display'; font-size: 2.5em; font-weight: light;\">LA FAMILIA<\/span><br \/>\n<span style=\"font-family: 'Playfair Display'; font-size: 2.5em; font-weight: light;\">ORTIZ<\/span><\/h1>\n<p>[\/vc_column_text][vc_separator color=&#8220;white&#8220; el_width=&#8220;10&#8243; css=&#8220;.vc_custom_1617808503948{margin-top: -2% !important;}&#8220;][vc_column_text]<\/p>\n<h1 style=\"text-align: center; font-size: 1.0em;\"><span style=\"color: #ffffff; font-family: 'Playfair Display';\">Una historia de dedicaci\u00f3n y<br \/>\nsuperaci\u00f3n de varias generaciones<\/span><\/h1>\n<p>[\/vc_column_text][\/vc_column][\/vc_row][vc_row full_width=&#8220;stretch_row_content_no_spaces&#8220; bg_type=&#8220;bg_color&#8220; bg_color_value=&#8220;#faf6ea&#8220;][vc_column][vc_column_text]<\/p>\n<p style=\"text-align: center; letter-spacing: 0.1.em;\">HISTORIA<\/p>\n<p>[\/vc_column_text][vc_column_text css=&#8220;.vc_custom_1620153284248{padding-left: 5% !important;}&#8220;]<\/p>\n<p style=\"text-align: center;\"><strong><span style=\"font-family: 'Playfair Display'; font-size: 2.5em;\">DESDE 1915&#8230;<br \/>\n<\/span><\/strong><\/p>\n<p>[\/vc_column_text][vc_row_inner css=&#8220;.vc_custom_1618768077609{margin-top: -3% !important;}&#8220;][vc_column_inner width=&#8220;1\/3&#8243;][\/vc_column_inner][vc_column_inner width=&#8220;1\/3&#8243; css=&#8220;.vc_custom_1619992231693{margin-right: 1% !important;margin-left: 1% !important;}&#8220;][vc_column_text]<\/p>\n<p style=\"text-align: center;\"><span style=\"color: #557c8b;\">La tradici\u00f3n charcutera de nuestra familia se remonta a 1915 en la localidad riojana de Ba\u00f1os de R\u00edo Tob\u00eda.<\/span><\/p>\n<p>[\/vc_column_text][\/vc_column_inner][vc_column_inner width=&#8220;1\/3&#8243;][\/vc_column_inner][\/vc_row_inner][vc_row_inner gap=&#8220;35&#8243;][vc_column_inner width=&#8220;1\/6&#8243;][\/vc_column_inner][vc_column_inner width=&#8220;1\/3&#8243; css=&#8220;.vc_custom_1619992345714{margin-right: 3% !important;margin-left: 3% !important;}&#8220;][vc_column_text css=&#8220;.vc_custom_1619992428428{margin-right: 2% !important;margin-left: 2% !important;}&#8220;]Es ese a\u00f1o cuando el bisabuelo Pedro inscribe su empresa con el n\u00famero 49 en el Registro de Industria C\u00e1rnica de Espa\u00f1a. Comienza una trayectoria en manos ahora de la 4\u00aa generaci\u00f3n de la familia.[\/vc_column_text][\/vc_column_inner][vc_column_inner width=&#8220;1\/3&#8243; css=&#8220;.vc_custom_1619992441206{margin-right: 3% !important;margin-left: 3% !important;}&#8220;][vc_column_text css=&#8220;.vc_custom_1619992458035{margin-right: 2% !important;margin-left: 2% !important;}&#8220;]Estamos en La Rioja, centro de una industria c\u00e1rnica y de embutidos muy tradicional y ligada a la vida de la regi\u00f3n. Y en Embutidos Ortiz queremos trasladar toda esa tradici\u00f3n al sabor de lo que hacemos.[\/vc_column_text][\/vc_column_inner][vc_column_inner width=&#8220;1\/6&#8243;][\/vc_column_inner][\/vc_row_inner][vc_single_image image=&#8220;5589&#8243; img_size=&#8220;full&#8220; alignment=&#8220;center&#8220;][\/vc_column][\/vc_row][vc_row full_width=&#8220;stretch_row_content_no_spaces&#8220; bg_type=&#8220;bg_color&#8220; bg_color_value=&#8220;#faf6ea&#8220;][vc_column][vc_column_text]<\/p>\n<p style=\"text-align: center; letter-spacing: 0.1em;\">HISTORIA<\/p>\n<p>[\/vc_column_text][vc_column_text css=&#8220;.vc_custom_1620153264039{padding-left: 5% !important;}&#8220;]<\/p>\n<p style=\"text-align: center;\"><strong><span style=\"font-family: 'Playfair Display'; font-size: 2.5em;\">&#8230;HASTA HOY<br \/>\n<\/span><\/strong><\/p>\n<p>[\/vc_column_text][vc_row_inner css=&#8220;.vc_custom_1618768077609{margin-top: -3% !important;}&#8220;][vc_column_inner width=&#8220;1\/3&#8243;][\/vc_column_inner][vc_column_inner width=&#8220;1\/3&#8243;][vc_column_text]<\/p>\n<p style=\"text-align: center;\"><span style=\"color: #557c8b;\">Ahora, desde nuestra nueva planta central en Navarrete, continuamos con<\/span>\u00a0<span style=\"color: #557c8b;\">un legado que consolida adem\u00e1s su expansi\u00f3n internacional.<\/span><\/p>\n<p>[\/vc_column_text][\/vc_column_inner][vc_column_inner width=&#8220;1\/3&#8243;][\/vc_column_inner][\/vc_row_inner][vc_row_inner gap=&#8220;35&#8243;][vc_column_inner width=&#8220;1\/6&#8243;][\/vc_column_inner][vc_column_inner width=&#8220;1\/3&#8243; css=&#8220;.vc_custom_1619992470895{margin-right: 5% !important;margin-left: 5% !important;}&#8220;][vc_column_text]Embutidos Ortiz fue una de las primeras pymes riojanas en obtener las homologaciones para exportar el embutido riojano a pa\u00edses como Jap\u00f3n, Argentina, Chile, Brasil o Nueza Zelanda.[\/vc_column_text][\/vc_column_inner][vc_column_inner width=&#8220;1\/3&#8243; css=&#8220;.vc_custom_1619992484023{margin-right: 5% !important;margin-left: 5% !important;}&#8220;][vc_column_text]Adaptados a los nuevos tiempos, queremos sin embargo mantener la esencia de nuestro bisabuelo Pedro, el abuelo Faustino y nuestro padre Domingo quienes, junto a nuestra madre, nos han transmitido valores fundamentales: profesionalidad, sencillez y buen hacer.[\/vc_column_text][\/vc_column_inner][vc_column_inner width=&#8220;1\/6&#8243;][\/vc_column_inner][\/vc_row_inner][vc_column_text]<\/p>\n<p style=\"text-align: center;\"><span style=\"font-family: 'Playfair Display'; font-size: 1.5em; font-weight: light; color: #d25d13;\">\u201cFAMILIA ORTIZ: UN EMBLEMA DEL SABOR CON TRADICI\u00d3N\u201d<\/span><\/p>\n<p>[\/vc_column_text][\/vc_column][\/vc_row][vc_row full_width=&#8220;stretch_row_content_no_spaces&#8220; equal_height=&#8220;yes&#8220; bg_type=&#8220;bg_color&#8220; bg_color_value=&#8220;#f2e6cf&#8220; css=&#8220;.vc_custom_1619992614537{margin-bottom: -7% !important;}&#8220;][vc_column width=&#8220;1\/2&#8243; css=&#8220;.vc_custom_1618769790003{margin-left: -30% !important;background-image: url(https:\/\/nueva.embutidosortiz.com\/wp-content\/uploads\/2021\/04\/hist3.jpg?id=5595) !important;}&#8220;][\/vc_column][vc_column width=&#8220;1\/2&#8243;][vc_column_text css=&#8220;.vc_custom_1618769352358{padding-left: 5% !important;}&#8220;]<\/p>\n<p style=\"text-align: left;\">COMPROMISO<\/p>\n<p>[\/vc_column_text][vc_column_text css=&#8220;.vc_custom_1619855226578{padding-left: 5% !important;}&#8220;]<\/p>\n<p style=\"text-align: left;\"><strong><span style=\"font-family: 'Playfair Display'; font-size: 2.5em;\">PENSANDO EN TI<\/span><\/strong><\/p>\n<p>[\/vc_column_text][vc_column_text css=&#8220;.vc_custom_1618769333939{padding-right: 5% !important;padding-left: 5% !important;}&#8220;]Hoy como ayer, no dejamos de pensar en ti y diariamente trabajamos para seguir a la vanguardia del mercado sin perder nuestro sabor tradicional.<\/p>\n<p>&nbsp;<\/p>\n<p>Nuestros productos no llevan<strong> Gluten<\/strong> y son <strong>Fuente de Prote\u00ednas<\/strong>. Contamos con la gama <strong>M\u00e1s Natural<\/strong>\u00a0(sin al\u00e9rgenos) y <strong>100% Natural\u00a0<\/strong>(con ingredientes naturales, sin al\u00e9rgenos ni aditivos). El chorizo lo elaboramos sin colorantes artificiales.[\/vc_column_text][vc_separator css=&#8220;.vc_custom_1618769411490{padding-right: 5% !important;padding-left: 5% !important;}&#8220;][vc_column_text css=&#8220;.vc_custom_1620153320833{padding-right: 5% !important;padding-left: 5% !important;}&#8220;]<\/p>\n<div class=\"bloqueEstatico_a_right_in_texto_2_tit fuente_subtit\">\n<h3><strong>NUESTRA GAMA SE DIVIDE EN:<\/strong><\/h3>\n<\/div>\n<div class=\"bloqueEstatico_a_right_in_texto_2_txt fuente_text\">\n<ul>\n<li><span style=\"color: #d25d13;\"><strong>CURADOS<\/strong><\/span>: f\u00e1ciles de comprar y de consumir. Ideal para aperitivos y reuniones y, por supuesto, para el bocadillo de toda la vida.<\/li>\n<li><span style=\"color: #d25d13;\"><strong>LONCHEADOS<\/strong><\/span>: presentaciones que garantizan una correcta conservaci\u00f3n sin perder la frescura de un producto reci\u00e9n cortado.<\/li>\n<li><span style=\"color: #d25d13;\"><strong>BARBACOA<\/strong><\/span>: consumo ligado a la diversi\u00f3n y para disfrutar en compa\u00f1\u00eda. Acompa\u00f1ante perfecto en los guisos de casa y escapadas al aire libre.<\/li>\n<\/ul>\n<p>&nbsp;<\/p>\n<\/div>\n<p>[\/vc_column_text][\/vc_column][\/vc_row][vc_row][vc_column][vc_empty_space][\/vc_column][\/vc_row]<\/p>\n","protected":false},"excerpt":{"rendered":"<p>[vc_row full_width=&#8220;stretch_row_content&#8220; full_height=&#8220;yes&#8220; content_placement=&#8220;middle&#8220; parallax=&#8220;content-moving&#8220; parallax_image=&#8220;5575&#8243; content_text_alignment=&#8220;center&#8220;][vc_column][vc_column_text] LA FAMILIA ORTIZ [\/vc_column_text][vc_separator color=&#8220;white&#8220; el_width=&#8220;10&#8243; css=&#8220;.vc_custom_1617808503948{margin-top: -2% !important;}&#8220;][vc_column_text] Una historia de dedicaci\u00f3n y superaci\u00f3n de varias generaciones [\/vc_column_text][\/vc_column][\/vc_row][vc_row full_width=&#8220;stretch_row_content_no_spaces&#8220; bg_type=&#8220;bg_color&#8220; bg_color_value=&#8220;#faf6ea&#8220;][vc_column][vc_column_text] HISTORIA [\/vc_column_text][vc_column_text css=&#8220;.vc_custom_1620153284248{padding-left: 5% !important;}&#8220;] DESDE 1915&#8230; [\/vc_column_text][vc_row_inner css=&#8220;.vc_custom_1618768077609{margin-top: -3% !important;}&#8220;][vc_column_inner<\/p>\n","protected":false},"author":2,"featured_media":0,"parent":0,"menu_order":0,"comment_status":"closed","ping_status":"closed","template":"","meta":[],"_links":{"self":[{"href":"https:\/\/nueva.embutidosortiz.com\/de\/wp-json\/wp\/v2\/pages\/6440"}],"collection":[{"href":"https:\/\/nueva.embutidosortiz.com\/de\/wp-json\/wp\/v2\/pages"}],"about":[{"href":"https:\/\/nueva.embutidosortiz.com\/de\/wp-json\/wp\/v2\/types\/page"}],"author":[{"embeddable":true,"href":"https:\/\/nueva.embutidosortiz.com\/de\/wp-json\/wp\/v2\/users\/2"}],"replies":[{"embeddable":true,"href":"https:\/\/nueva.embutidosortiz.com\/de\/wp-json\/wp\/v2\/comments?post=6440"}],"version-history":[{"count":1,"href":"https:\/\/nueva.embutidosortiz.com\/de\/wp-json\/wp\/v2\/pages\/6440\/revisions"}],"predecessor-version":[{"id":6443,"href":"https:\/\/nueva.embutidosortiz.com\/de\/wp-json\/wp\/v2\/pages\/6440\/revisions\/6443"}],"wp:attachment":[{"href":"https:\/\/nueva.embutidosortiz.com\/de\/wp-json\/wp\/v2\/media?parent=6440"}],"curies":[{"name":"wp","href":"https:\/\/api.w.org\/{rel}","templated":true}]}}